{"id":811,"date":"2024-03-27T14:50:41","date_gmt":"2024-03-27T14:50:41","guid":{"rendered":"https:\/\/inarionnela.com\/?page_id=811"},"modified":"2025-06-12T15:12:22","modified_gmt":"2025-06-12T15:12:22","slug":"aktiviteetit","status":"publish","type":"page","link":"https:\/\/inarionnela.com\/en\/aktiviteetit\/","title":{"rendered":"Activities"},"content":{"rendered":"[et_pb_section fb_built=&#8221;1&#8243; _builder_version=&#8221;4.24.0&#8243; background_color=&#8221;rgba(0,0,0,0.41)&#8221; background_image=&#8221;https:\/\/inarionnela.com\/wp-content\/uploads\/2024\/03\/inari-onnela-41.jpg&#8221; background_blend=&#8221;overlay&#8221; global_colors_info=&#8221;{}&#8221;][et_pb_row _builder_version=&#8221;4.16&#8243; custom_padding=&#8221;||100px|||&#8221; global_colors_info=&#8221;{}&#8221;][et_pb_column type=&#8221;4_4&#8243; _builder_version=&#8221;4.16&#8243; global_colors_info=&#8221;{}&#8221;][et_pb_text _builder_version=&#8221;4.24.0&#8243; header_text_color=&#8221;#FFFFFF&#8221; header_font_size=&#8221;40px&#8221; header_3_text_color=&#8221;#FFFFFF&#8221; custom_padding=&#8221;100px||100px||false|false&#8221; header_text_shadow_style=&#8221;preset1&#8243; header_3_text_shadow_style=&#8221;preset1&#8243; global_colors_info=&#8221;{}&#8221;]<h1 style=\"text-align: center;\"><strong>Activities<\/strong><\/h1>[\/et_pb_text][\/et_pb_column][\/et_pb_row][\/et_pb_section][et_pb_section fb_built=&#8221;1&#8243; _builder_version=&#8221;4.16&#8243; background_color=&#8221;rgba(229,214,199,0.26)&#8221; global_colors_info=&#8221;{}&#8221;][et_pb_row _builder_version=&#8221;4.24.0&#8243; background_enable_color=&#8221;off&#8221; background_enable_image=&#8221;off&#8221; background_blend=&#8221;overlay&#8221; custom_padding=&#8221;||0px||false|false&#8221; border_width_all=&#8221;19px&#8221; border_color_all=&#8221;rgba(255,255,255,0)&#8221; global_colors_info=&#8221;{}&#8221;][et_pb_column type=&#8221;4_4&#8243; _builder_version=&#8221;4.16&#8243; global_colors_info=&#8221;{}&#8221;][et_pb_text _builder_version=&#8221;4.27.3&#8243; hover_enabled=&#8221;0&#8243; global_colors_info=&#8221;{}&#8221; sticky_enabled=&#8221;0&#8243;]<h2 style=\"text-align: left;\"><strong>Welcome to enjoy the nature and wilderness of Lapland with us!<\/strong><\/h2>[\/et_pb_text][\/et_pb_column][\/et_pb_row][et_pb_row column_structure=&#8221;1_2,1_2&#8243; _builder_version=&#8221;4.24.0&#8243; _module_preset=&#8221;default&#8221; global_colors_info=&#8221;{}&#8221;][et_pb_column type=&#8221;1_2&#8243; _builder_version=&#8221;4.24.0&#8243; _module_preset=&#8221;default&#8221; background_color=&#8221;#FFFFFF&#8221; border_width_all=&#8221;20px&#8221; border_color_all=&#8221;#FFFFFF&#8221; box_shadow_style=&#8221;preset2&#8243; box_shadow_horizontal=&#8221;0px&#8221; box_shadow_vertical=&#8221;11px&#8221; box_shadow_spread=&#8221;-3px&#8221; box_shadow_color=&#8221;rgba(0,0,0,0.14)&#8221; global_colors_info=&#8221;{}&#8221;][et_pb_image src=&#8221;https:\/\/inarionnela.com\/wp-content\/uploads\/2024\/03\/inari-onnela-72.jpg&#8221; title_text=&#8221;inari-onnela-72&#8243; _builder_version=&#8221;4.24.0&#8243; _module_preset=&#8221;default&#8221; global_colors_info=&#8221;{}&#8221;][\/et_pb_image][et_pb_text _builder_version=&#8221;4.27.3&#8243; _module_preset=&#8221;default&#8221; hover_enabled=&#8221;0&#8243; global_colors_info=&#8221;{}&#8221; sticky_enabled=&#8221;0&#8243;]<h3>Summer<\/h3>\n<p><span>Enjoy the warmth and light of a nightless summer and adventures on water and land as nature comes alive on our excursions.<\/span><\/p>[\/et_pb_text][et_pb_button button_url=&#8221;@ET-DC@eyJkeW5hbWljIjp0cnVlLCJjb250ZW50IjoicG9zdF9saW5rX3VybF9wYWdlIiwic2V0dGluZ3MiOnsicG9zdF9pZCI6IjE3MyJ9fQ==@&#8221; button_text=&#8221;Katso lis\u00e4\u00e4!&#8221; button_alignment=&#8221;left&#8221; _builder_version=&#8221;4.24.0&#8243; _dynamic_attributes=&#8221;button_url&#8221; custom_button=&#8221;on&#8221; button_bg_color=&#8221;#5a8435&#8243; button_border_width=&#8221;8px&#8221; button_border_color=&#8221;RGBA(255,255,255,0)&#8221; background_layout=&#8221;dark&#8221; custom_margin=&#8221;||20px||false|false&#8221; box_shadow_style=&#8221;preset1&#8243; box_shadow_blur=&#8221;19px&#8221; box_shadow_spread=&#8221;-9px&#8221; global_colors_info=&#8221;{}&#8221;][\/et_pb_button][\/et_pb_column][et_pb_column type=&#8221;1_2&#8243; _builder_version=&#8221;4.24.0&#8243; _module_preset=&#8221;default&#8221; background_color=&#8221;#FFFFFF&#8221; border_width_all=&#8221;20px&#8221; border_color_all=&#8221;#FFFFFF&#8221; box_shadow_style=&#8221;preset2&#8243; box_shadow_horizontal=&#8221;0px&#8221; box_shadow_vertical=&#8221;11px&#8221; box_shadow_spread=&#8221;-3px&#8221; box_shadow_color=&#8221;rgba(0,0,0,0.14)&#8221; global_colors_info=&#8221;{}&#8221;][et_pb_image src=&#8221;https:\/\/inarionnela.com\/wp-content\/uploads\/2024\/03\/inari-onnela-09-e1711550592257.jpg&#8221; title_text=&#8221;inari-onnela-09&#8243; _builder_version=&#8221;4.24.0&#8243; _module_preset=&#8221;default&#8221; global_colors_info=&#8221;{}&#8221;][\/et_pb_image][et_pb_text _builder_version=&#8221;4.25.1&#8243; _module_preset=&#8221;default&#8221; global_colors_info=&#8221;{}&#8221;]<h3>Autumn<\/h3>\n<p><span>Immerse yourself in the colors and atmosphere of autumn on our autumn trips, which offer wonderful moments and experiences in the wilderness.<\/span><\/p>[\/et_pb_text][et_pb_button button_url=&#8221;@ET-DC@eyJkeW5hbWljIjp0cnVlLCJjb250ZW50IjoicG9zdF9saW5rX3VybF9wYWdlIiwic2V0dGluZ3MiOnsicG9zdF9pZCI6IjM0NyJ9fQ==@&#8221; button_text=&#8221;Katso lis\u00e4\u00e4!&#8221; button_alignment=&#8221;left&#8221; _builder_version=&#8221;4.24.0&#8243; _dynamic_attributes=&#8221;button_url&#8221; custom_button=&#8221;on&#8221; button_bg_color=&#8221;#824234&#8243; button_border_width=&#8221;8px&#8221; button_border_color=&#8221;RGBA(255,255,255,0)&#8221; background_layout=&#8221;dark&#8221; custom_margin=&#8221;||20px||false|false&#8221; box_shadow_style=&#8221;preset1&#8243; box_shadow_blur=&#8221;19px&#8221; box_shadow_spread=&#8221;-9px&#8221; global_colors_info=&#8221;{}&#8221;][\/et_pb_button][\/et_pb_column][\/et_pb_row][et_pb_row column_structure=&#8221;1_2,1_2&#8243; custom_padding_last_edited=&#8221;on|desktop&#8221; _builder_version=&#8221;4.24.0&#8243; _module_preset=&#8221;default&#8221; custom_padding=&#8221;||||false|false&#8221; custom_padding_tablet=&#8221;||||false|false&#8221; custom_padding_phone=&#8221;0px||||false|false&#8221; global_colors_info=&#8221;{}&#8221;][et_pb_column type=&#8221;1_2&#8243; _builder_version=&#8221;4.24.0&#8243; _module_preset=&#8221;default&#8221; background_color=&#8221;#FFFFFF&#8221; custom_padding=&#8221;||||false|false&#8221; border_width_all=&#8221;20px&#8221; border_color_all=&#8221;#FFFFFF&#8221; box_shadow_style=&#8221;preset2&#8243; box_shadow_horizontal=&#8221;0px&#8221; box_shadow_vertical=&#8221;11px&#8221; box_shadow_spread=&#8221;-3px&#8221; box_shadow_color=&#8221;rgba(0,0,0,0.14)&#8221; global_colors_info=&#8221;{}&#8221;][et_pb_image src=&#8221;https:\/\/inarionnela.com\/wp-content\/uploads\/2024\/03\/inari-onnela-10-e1711542549120.jpg&#8221; title_text=&#8221;inari-onnela-10&#8243; _builder_version=&#8221;4.24.0&#8243; _module_preset=&#8221;default&#8221; global_colors_info=&#8221;{}&#8221;][\/et_pb_image][et_pb_text _builder_version=&#8221;4.27.3&#8243; _module_preset=&#8221;default&#8221; hover_enabled=&#8221;0&#8243; global_colors_info=&#8221;{}&#8221; sticky_enabled=&#8221;0&#8243;]<h3>Winter<\/h3>\n<p><span>The magic of winter in the snowy wilderness and the unforgettable Northern Lights.<\/span><\/p>[\/et_pb_text][et_pb_button button_url=&#8221;@ET-DC@eyJkeW5hbWljIjp0cnVlLCJjb250ZW50IjoicG9zdF9saW5rX3VybF9wYWdlIiwic2V0dGluZ3MiOnsicG9zdF9pZCI6IjE0NiJ9fQ==@&#8221; button_text=&#8221;Katso lis\u00e4\u00e4!&#8221; button_alignment=&#8221;left&#8221; _builder_version=&#8221;4.24.0&#8243; _dynamic_attributes=&#8221;button_url&#8221; custom_button=&#8221;on&#8221; button_bg_color=&#8221;#2e4275&#8243; button_border_width=&#8221;8px&#8221; button_border_color=&#8221;RGBA(255,255,255,0)&#8221; background_layout=&#8221;dark&#8221; custom_margin=&#8221;||20px||false|false&#8221; box_shadow_style=&#8221;preset1&#8243; box_shadow_blur=&#8221;19px&#8221; box_shadow_spread=&#8221;-9px&#8221; global_colors_info=&#8221;{}&#8221;][\/et_pb_button][\/et_pb_column][et_pb_column type=&#8221;1_2&#8243; _builder_version=&#8221;4.24.0&#8243; _module_preset=&#8221;default&#8221; background_color=&#8221;#FFFFFF&#8221; border_width_all=&#8221;20px&#8221; border_color_all=&#8221;#FFFFFF&#8221; box_shadow_style=&#8221;preset2&#8243; box_shadow_horizontal=&#8221;0px&#8221; box_shadow_vertical=&#8221;11px&#8221; box_shadow_spread=&#8221;-3px&#8221; box_shadow_color=&#8221;rgba(0,0,0,0.14)&#8221; global_colors_info=&#8221;{}&#8221;][et_pb_image src=&#8221;https:\/\/inarionnela.com\/wp-content\/uploads\/2024\/03\/inari-onnela-22-e1711550727202.jpg&#8221; title_text=&#8221;inari-onnela-22&#8243; _builder_version=&#8221;4.24.0&#8243; _module_preset=&#8221;default&#8221; global_colors_info=&#8221;{}&#8221;][\/et_pb_image][et_pb_text _builder_version=&#8221;4.25.1&#8243; _module_preset=&#8221;default&#8221; hover_enabled=&#8221;0&#8243; global_colors_info=&#8221;{}&#8221; sticky_enabled=&#8221;0&#8243;]<h3>Spring<\/h3>\n<p><span>The brightness of the spring sun and the best time of the ice fishing season.<\/span><\/p>[\/et_pb_text][et_pb_button button_url=&#8221;@ET-DC@eyJkeW5hbWljIjp0cnVlLCJjb250ZW50IjoicG9zdF9saW5rX3VybF9wYWdlIiwic2V0dGluZ3MiOnsicG9zdF9pZCI6Ijc5MSJ9fQ==@&#8221; button_text=&#8221;Katso lis\u00e4\u00e4!&#8221; button_alignment=&#8221;left&#8221; _builder_version=&#8221;4.24.0&#8243; _dynamic_attributes=&#8221;button_url&#8221; custom_button=&#8221;on&#8221; button_bg_color=&#8221;#cca300&#8243; button_border_width=&#8221;8px&#8221; button_border_color=&#8221;RGBA(255,255,255,0)&#8221; background_layout=&#8221;dark&#8221; custom_margin=&#8221;||20px||false|false&#8221; box_shadow_style=&#8221;preset1&#8243; box_shadow_blur=&#8221;19px&#8221; box_shadow_spread=&#8221;-9px&#8221; global_colors_info=&#8221;{}&#8221;][\/et_pb_button][\/et_pb_column][\/et_pb_row][\/et_pb_section][et_pb_section fb_built=&#8221;1&#8243; _builder_version=&#8221;4.16&#8243; background_color=&#8221;rgba(229,214,199,0.26)&#8221; global_colors_info=&#8221;{}&#8221;][et_pb_row column_structure=&#8221;1_3,1_3,1_3&#8243; use_custom_gutter=&#8221;on&#8221; gutter_width=&#8221;1&#8243; _builder_version=&#8221;4.16&#8243; width=&#8221;100%&#8221; max_width=&#8221;1760px&#8221; module_alignment=&#8221;center&#8221; min_height=&#8221;100px&#8221; custom_padding=&#8221;||0px|||&#8221; global_colors_info=&#8221;{}&#8221;][et_pb_column type=&#8221;1_3&#8243; _builder_version=&#8221;4.16&#8243; global_colors_info=&#8221;{}&#8221;][et_pb_image src=&#8221;https:\/\/inarionnela.comwp-content\/uploads\/2020\/03\/DJI_0202-2.jpg&#8221; force_fullwidth=&#8221;on&#8221; _builder_version=&#8221;4.16&#8243; border_width_all=&#8221;3px&#8221; border_color_all=&#8221;#ffffff&#8221; border_width_top=&#8221;6px&#8221; global_colors_info=&#8221;{}&#8221;][\/et_pb_image][\/et_pb_column][et_pb_column type=&#8221;1_3&#8243; _builder_version=&#8221;4.16&#8243; global_colors_info=&#8221;{}&#8221;][et_pb_image src=&#8221;https:\/\/inarionnela.comwp-content\/uploads\/2020\/03\/IMG_1788.jpg&#8221; _builder_version=&#8221;4.16&#8243; border_width_all=&#8221;3px&#8221; border_color_all=&#8221;#ffffff&#8221; border_width_top=&#8221;6px&#8221; global_colors_info=&#8221;{}&#8221;][\/et_pb_image][\/et_pb_column][et_pb_column type=&#8221;1_3&#8243; _builder_version=&#8221;4.16&#8243; global_colors_info=&#8221;{}&#8221;][et_pb_image src=&#8221;https:\/\/inarionnela.comwp-content\/uploads\/2020\/03\/DJI_0213-3.jpg&#8221; _builder_version=&#8221;4.16&#8243; border_width_all=&#8221;3px&#8221; border_color_all=&#8221;#ffffff&#8221; border_width_top=&#8221;6px&#8221; global_colors_info=&#8221;{}&#8221;][\/et_pb_image][\/et_pb_column][\/et_pb_row][et_pb_row column_structure=&#8221;1_3,1_3,1_3&#8243; use_custom_gutter=&#8221;on&#8221; gutter_width=&#8221;1&#8243; _builder_version=&#8221;4.16&#8243; width=&#8221;100%&#8221; max_width=&#8221;1760px&#8221; module_alignment=&#8221;center&#8221; min_height=&#8221;100px&#8221; custom_margin=&#8221;0px||0px||false|false&#8221; custom_padding=&#8221;0px||0px||false|false&#8221; global_colors_info=&#8221;{}&#8221;][et_pb_column type=&#8221;1_3&#8243; _builder_version=&#8221;4.16&#8243; global_colors_info=&#8221;{}&#8221;][et_pb_image src=&#8221;https:\/\/inarionnela.comwp-content\/uploads\/2020\/03\/IMG_3011-2.jpg&#8221; force_fullwidth=&#8221;on&#8221; _builder_version=&#8221;4.16&#8243; custom_margin=&#8221;||0px||false|false&#8221; border_width_all=&#8221;3px&#8221; border_color_all=&#8221;#ffffff&#8221; global_colors_info=&#8221;{}&#8221;][\/et_pb_image][\/et_pb_column][et_pb_column type=&#8221;1_3&#8243; _builder_version=&#8221;4.16&#8243; global_colors_info=&#8221;{}&#8221;][et_pb_image src=&#8221;https:\/\/inarionnela.comwp-content\/uploads\/2020\/03\/IMG_1239.jpg&#8221; _builder_version=&#8221;4.16&#8243; custom_padding=&#8221;||0px|||&#8221; border_width_all=&#8221;3px&#8221; border_color_all=&#8221;#ffffff&#8221; global_colors_info=&#8221;{}&#8221;][\/et_pb_image][\/et_pb_column][et_pb_column type=&#8221;1_3&#8243; _builder_version=&#8221;4.16&#8243; global_colors_info=&#8221;{}&#8221;][et_pb_image src=&#8221;https:\/\/inarionnela.comwp-content\/uploads\/2020\/03\/IMG_3545-4.jpg&#8221; _builder_version=&#8221;4.16&#8243; border_width_all=&#8221;3px&#8221; border_color_all=&#8221;#ffffff&#8221; global_colors_info=&#8221;{}&#8221;][\/et_pb_image][\/et_pb_column][\/et_pb_row][et_pb_row column_structure=&#8221;1_3,1_3,1_3&#8243; use_custom_gutter=&#8221;on&#8221; gutter_width=&#8221;1&#8243; _builder_version=&#8221;4.16&#8243; width=&#8221;100%&#8221; max_width=&#8221;1760px&#8221; module_alignment=&#8221;center&#8221; min_height=&#8221;100px&#8221; custom_margin=&#8221;0px||0px||false|false&#8221; custom_padding=&#8221;0px||0px||false|false&#8221; global_colors_info=&#8221;{}&#8221;][et_pb_column type=&#8221;1_3&#8243; _builder_version=&#8221;4.16&#8243; global_colors_info=&#8221;{}&#8221;][et_pb_image src=&#8221;https:\/\/inarionnela.comwp-content\/uploads\/2020\/10\/IMG_0040-scaled.jpg&#8221; force_fullwidth=&#8221;on&#8221; _builder_version=&#8221;4.16&#8243; custom_padding=&#8221;0px||0px||false|false&#8221; border_width_all=&#8221;3px&#8221; border_color_all=&#8221;#ffffff&#8221; border_width_bottom=&#8221;6px&#8221; global_colors_info=&#8221;{}&#8221;][\/et_pb_image][\/et_pb_column][et_pb_column type=&#8221;1_3&#8243; _builder_version=&#8221;4.16&#8243; global_colors_info=&#8221;{}&#8221;][et_pb_image src=&#8221;https:\/\/inarionnela.comwp-content\/uploads\/2020\/10\/IMG_9357-scaled.jpg&#8221; _builder_version=&#8221;4.16&#8243; border_width_all=&#8221;3px&#8221; border_color_all=&#8221;#ffffff&#8221; border_width_bottom=&#8221;6px&#8221; global_colors_info=&#8221;{}&#8221;][\/et_pb_image][\/et_pb_column][et_pb_column type=&#8221;1_3&#8243; _builder_version=&#8221;4.16&#8243; global_colors_info=&#8221;{}&#8221;][et_pb_image src=&#8221;https:\/\/inarionnela.comwp-content\/uploads\/2020\/10\/IMG_0746-scaled.jpg&#8221; _builder_version=&#8221;4.16&#8243; border_width_all=&#8221;3px&#8221; border_color_all=&#8221;#ffffff&#8221; border_width_bottom=&#8221;6px&#8221; global_colors_info=&#8221;{}&#8221;][\/et_pb_image][\/et_pb_column][\/et_pb_row][\/et_pb_section][et_pb_section fb_built=&#8221;1&#8243; _builder_version=&#8221;4.16&#8243; background_color=&#8221;rgba(232,218,127,0.04)&#8221; global_colors_info=&#8221;{}&#8221;][et_pb_row column_structure=&#8221;1_2,1_2&#8243; _builder_version=&#8221;4.16&#8243; global_colors_info=&#8221;{}&#8221;][et_pb_column type=&#8221;1_2&#8243; _builder_version=&#8221;4.16&#8243; global_colors_info=&#8221;{}&#8221;][et_pb_text _builder_version=&#8221;4.27.3&#8243; hover_enabled=&#8221;0&#8243; global_colors_info=&#8221;{}&#8221; sticky_enabled=&#8221;0&#8243;]<p><strong>Inari Onnela Wilderness Services<\/strong><br \/>Y-tunnus 3101746-2<\/p>\n<p>Petri Kokkonen<br \/>+358405591019<br \/>info@inarionnela.com<\/p>[\/et_pb_text][et_pb_social_media_follow _builder_version=&#8221;4.16&#8243; _module_preset=&#8221;default&#8221; global_colors_info=&#8221;{}&#8221;][et_pb_social_media_follow_network social_network=&#8221;facebook&#8221; url=&#8221;https:\/\/www.facebook.com\/Inari-Onnela-Wilderness-Services-102387791696290\/&#8221; _builder_version=&#8221;4.16&#8243; _module_preset=&#8221;default&#8221; background_color=&#8221;#3b5998&#8243; global_colors_info=&#8221;{}&#8221; follow_button=&#8221;off&#8221; url_new_window=&#8221;on&#8221;]facebook[\/et_pb_social_media_follow_network][et_pb_social_media_follow_network social_network=&#8221;instagram&#8221; url=&#8221;https:\/\/www.instagram.com\/inarionnela\/&#8221; use_icon_font_size=&#8221;on&#8221; _builder_version=&#8221;4.16&#8243; _module_preset=&#8221;default&#8221; background_color=&#8221;#ea2c59&#8243; global_colors_info=&#8221;{}&#8221; follow_button=&#8221;off&#8221; url_new_window=&#8221;on&#8221;]instagram[\/et_pb_social_media_follow_network][\/et_pb_social_media_follow][\/et_pb_column][et_pb_column type=&#8221;1_2&#8243; _builder_version=&#8221;4.16&#8243; global_colors_info=&#8221;{}&#8221;][et_pb_image src=&#8221;https:\/\/inarionnela.comwp-content\/uploads\/2020\/03\/logo_uusin.png&#8221; align=&#8221;center&#8221; _builder_version=&#8221;4.16&#8243; width=&#8221;48%&#8221; global_colors_info=&#8221;{}&#8221;][\/et_pb_image][\/et_pb_column][\/et_pb_row][\/et_pb_section]","protected":false},"excerpt":{"rendered":"<p>AktiviteetitTervetuloa nauttimaan luonnosta ja Lapin er\u00e4maasta kanssamme!Kes\u00e4ll\u00e4 Nauti y\u00f6tt\u00f6m\u00e4n y\u00f6n kes\u00e4n l\u00e4mm\u00f6st\u00e4 ja valosta sek\u00e4 seikkailuista vesill\u00e4 ja maalla. kun luonto her\u00e4\u00e4 eloon retkill\u00e4mme.Syksyll\u00e4 Sukella syksyn v\u00e4riloistoon ja tunnelmaan syysretkill\u00e4mme, jotka tarjoavat upeita hetki\u00e4 ja el\u00e4myksi\u00e4 er\u00e4maassa.Talvella Talven taika lumisessa er\u00e4maassa ja unohtumattomat revontulet.Kev\u00e4\u00e4ll\u00e4 Kev\u00e4tauringon kirkkaus ja kuumin pilkkisesonki aika.Inari Onnela Wilderness ServicesY-tunnus 3101746-2 Petri [&hellip;]<\/p>","protected":false},"author":1,"featured_media":0,"parent":0,"menu_order":0,"comment_status":"closed","ping_status":"closed","template":"","meta":{"_et_pb_use_builder":"on","_et_pb_old_content":"","_et_gb_content_width":"","footnotes":""},"class_list":["post-811","page","type-page","status-publish","hentry"],"yoast_head":"<!-- This site is optimized with the Yoast SEO plugin v24.9 - https:\/\/yoast.com\/wordpress\/plugins\/seo\/ -->\n<title>Inari Onnela Wilderness Services - Aktiviteetit - Retket - Palvelut<\/title>\n<meta name=\"description\" content=\"Tarjoamme yksil\u00f6ityj\u00e4 retki\u00e4 Inarij\u00e4rvelle ja V\u00e4ts\u00e4rin er\u00e4maahan. Koe unohtumattomat hetket ja retket oman porukkasi kanssa Onnelassa.\" \/>\n<meta name=\"robots\" content=\"index, follow, max-snippet:-1, max-image-preview:large, max-video-preview:-1\" \/>\n<link rel=\"canonical\" href=\"https:\/\/inarionnela.com\/en\/aktiviteetit\/\" \/>\n<meta property=\"og:locale\" content=\"en_GB\" \/>\n<meta property=\"og:type\" content=\"article\" \/>\n<meta property=\"og:title\" content=\"Inari Onnela Wilderness Services - Aktiviteetit - Retket - Palvelut\" \/>\n<meta property=\"og:description\" content=\"Tarjoamme yksil\u00f6ityj\u00e4 retki\u00e4 Inarij\u00e4rvelle ja V\u00e4ts\u00e4rin er\u00e4maahan. Koe unohtumattomat hetket ja retket oman porukkasi kanssa Onnelassa.\" \/>\n<meta property=\"og:url\" content=\"https:\/\/inarionnela.com\/en\/aktiviteetit\/\" \/>\n<meta property=\"og:site_name\" content=\"Inari Onnela Wilderness Services\" \/>\n<meta property=\"article:modified_time\" content=\"2025-06-12T15:12:22+00:00\" \/>\n<meta name=\"twitter:card\" content=\"summary_large_image\" \/>\n<meta name=\"twitter:label1\" content=\"Estimated reading time\" \/>\n\t<meta name=\"twitter:data1\" content=\"4 minutes\" \/>\n<script type=\"application\/ld+json\" class=\"yoast-schema-graph\">{\"@context\":\"https:\/\/schema.org\",\"@graph\":[{\"@type\":\"WebPage\",\"@id\":\"https:\/\/inarionnela.com\/aktiviteetit\/\",\"url\":\"https:\/\/inarionnela.com\/aktiviteetit\/\",\"name\":\"Inari Onnela Wilderness Services - Aktiviteetit - Retket - Palvelut\",\"isPartOf\":{\"@id\":\"https:\/\/inarionnela.com\/#website\"},\"datePublished\":\"2024-03-27T14:50:41+00:00\",\"dateModified\":\"2025-06-12T15:12:22+00:00\",\"description\":\"Tarjoamme yksil\u00f6ityj\u00e4 retki\u00e4 Inarij\u00e4rvelle ja V\u00e4ts\u00e4rin er\u00e4maahan. Koe unohtumattomat hetket ja retket oman porukkasi kanssa Onnelassa.\",\"breadcrumb\":{\"@id\":\"https:\/\/inarionnela.com\/aktiviteetit\/#breadcrumb\"},\"inLanguage\":\"en-GB\",\"potentialAction\":[{\"@type\":\"ReadAction\",\"target\":[\"https:\/\/inarionnela.com\/aktiviteetit\/\"]}]},{\"@type\":\"BreadcrumbList\",\"@id\":\"https:\/\/inarionnela.com\/aktiviteetit\/#breadcrumb\",\"itemListElement\":[{\"@type\":\"ListItem\",\"position\":1,\"name\":\"Etusivu\",\"item\":\"https:\/\/inarionnela.com\/\"},{\"@type\":\"ListItem\",\"position\":2,\"name\":\"Aktiviteetit\"}]},{\"@type\":\"WebSite\",\"@id\":\"https:\/\/inarionnela.com\/#website\",\"url\":\"https:\/\/inarionnela.com\/\",\"name\":\"Inari Onnela Wilderness Services\",\"description\":\"Mik&auml;li haet lomaltasi yksityisyytt&auml;, rauhaa ja hiljaisuutta sek&auml; puhdasta luontoa.\",\"publisher\":{\"@id\":\"https:\/\/inarionnela.com\/#organization\"},\"potentialAction\":[{\"@type\":\"SearchAction\",\"target\":{\"@type\":\"EntryPoint\",\"urlTemplate\":\"https:\/\/inarionnela.com\/?s={search_term_string}\"},\"query-input\":{\"@type\":\"PropertyValueSpecification\",\"valueRequired\":true,\"valueName\":\"search_term_string\"}}],\"inLanguage\":\"en-GB\"},{\"@type\":\"Organization\",\"@id\":\"https:\/\/inarionnela.com\/#organization\",\"name\":\"Inari Onnela\",\"url\":\"https:\/\/inarionnela.com\/\",\"logo\":{\"@type\":\"ImageObject\",\"inLanguage\":\"en-GB\",\"@id\":\"https:\/\/inarionnela.com\/#\/schema\/logo\/image\/\",\"url\":\"https:\/\/inarionnela.com\/wp-content\/uploads\/2020\/12\/cropped-logo_sivuille-03.png\",\"contentUrl\":\"https:\/\/inarionnela.com\/wp-content\/uploads\/2020\/12\/cropped-logo_sivuille-03.png\",\"width\":512,\"height\":512,\"caption\":\"Inari Onnela\"},\"image\":{\"@id\":\"https:\/\/inarionnela.com\/#\/schema\/logo\/image\/\"}}]}<\/script>\n<!-- \/ Yoast SEO plugin. -->","yoast_head_json":{"title":"Inari Onnela Wilderness Services - Aktiviteetit - Retket - Palvelut","description":"Tarjoamme yksil\u00f6ityj\u00e4 retki\u00e4 Inarij\u00e4rvelle ja V\u00e4ts\u00e4rin er\u00e4maahan. Koe unohtumattomat hetket ja retket oman porukkasi kanssa Onnelassa.","robots":{"index":"index","follow":"follow","max-snippet":"max-snippet:-1","max-image-preview":"max-image-preview:large","max-video-preview":"max-video-preview:-1"},"canonical":"https:\/\/inarionnela.com\/en\/aktiviteetit\/","og_locale":"en_GB","og_type":"article","og_title":"Inari Onnela Wilderness Services - Aktiviteetit - Retket - Palvelut","og_description":"Tarjoamme yksil\u00f6ityj\u00e4 retki\u00e4 Inarij\u00e4rvelle ja V\u00e4ts\u00e4rin er\u00e4maahan. Koe unohtumattomat hetket ja retket oman porukkasi kanssa Onnelassa.","og_url":"https:\/\/inarionnela.com\/en\/aktiviteetit\/","og_site_name":"Inari Onnela Wilderness Services","article_modified_time":"2025-06-12T15:12:22+00:00","twitter_card":"summary_large_image","twitter_misc":{"Estimated reading time":"4 minutes"},"schema":{"@context":"https:\/\/schema.org","@graph":[{"@type":"WebPage","@id":"https:\/\/inarionnela.com\/aktiviteetit\/","url":"https:\/\/inarionnela.com\/aktiviteetit\/","name":"Inari Onnela Wilderness Services - Aktiviteetit - Retket - Palvelut","isPartOf":{"@id":"https:\/\/inarionnela.com\/#website"},"datePublished":"2024-03-27T14:50:41+00:00","dateModified":"2025-06-12T15:12:22+00:00","description":"Tarjoamme yksil\u00f6ityj\u00e4 retki\u00e4 Inarij\u00e4rvelle ja V\u00e4ts\u00e4rin er\u00e4maahan. Koe unohtumattomat hetket ja retket oman porukkasi kanssa Onnelassa.","breadcrumb":{"@id":"https:\/\/inarionnela.com\/aktiviteetit\/#breadcrumb"},"inLanguage":"en-GB","potentialAction":[{"@type":"ReadAction","target":["https:\/\/inarionnela.com\/aktiviteetit\/"]}]},{"@type":"BreadcrumbList","@id":"https:\/\/inarionnela.com\/aktiviteetit\/#breadcrumb","itemListElement":[{"@type":"ListItem","position":1,"name":"Etusivu","item":"https:\/\/inarionnela.com\/"},{"@type":"ListItem","position":2,"name":"Aktiviteetit"}]},{"@type":"WebSite","@id":"https:\/\/inarionnela.com\/#website","url":"https:\/\/inarionnela.com\/","name":"Inari Onnela Wilderness Services","description":"Mik&auml;li haet lomaltasi yksityisyytt&auml;, rauhaa ja hiljaisuutta sek&auml; puhdasta luontoa.","publisher":{"@id":"https:\/\/inarionnela.com\/#organization"},"potentialAction":[{"@type":"SearchAction","target":{"@type":"EntryPoint","urlTemplate":"https:\/\/inarionnela.com\/?s={search_term_string}"},"query-input":{"@type":"PropertyValueSpecification","valueRequired":true,"valueName":"search_term_string"}}],"inLanguage":"en-GB"},{"@type":"Organization","@id":"https:\/\/inarionnela.com\/#organization","name":"Inari Onnela","url":"https:\/\/inarionnela.com\/","logo":{"@type":"ImageObject","inLanguage":"en-GB","@id":"https:\/\/inarionnela.com\/#\/schema\/logo\/image\/","url":"https:\/\/inarionnela.com\/wp-content\/uploads\/2020\/12\/cropped-logo_sivuille-03.png","contentUrl":"https:\/\/inarionnela.com\/wp-content\/uploads\/2020\/12\/cropped-logo_sivuille-03.png","width":512,"height":512,"caption":"Inari Onnela"},"image":{"@id":"https:\/\/inarionnela.com\/#\/schema\/logo\/image\/"}}]}},"_links":{"self":[{"href":"https:\/\/inarionnela.com\/en\/wp-json\/wp\/v2\/pages\/811","targetHints":{"allow":["GET"]}}],"collection":[{"href":"https:\/\/inarionnela.com\/en\/wp-json\/wp\/v2\/pages"}],"about":[{"href":"https:\/\/inarionnela.com\/en\/wp-json\/wp\/v2\/types\/page"}],"author":[{"embeddable":true,"href":"https:\/\/inarionnela.com\/en\/wp-json\/wp\/v2\/users\/1"}],"replies":[{"embeddable":true,"href":"https:\/\/inarionnela.com\/en\/wp-json\/wp\/v2\/comments?post=811"}],"version-history":[{"count":0,"href":"https:\/\/inarionnela.com\/en\/wp-json\/wp\/v2\/pages\/811\/revisions"}],"wp:attachment":[{"href":"https:\/\/inarionnela.com\/en\/wp-json\/wp\/v2\/media?parent=811"}],"curies":[{"name":"wp","href":"https:\/\/api.w.org\/{rel}","templated":true}]}}