{"id":561,"date":"2021-01-15T10:52:05","date_gmt":"2021-01-15T10:52:05","guid":{"rendered":"https:\/\/inarionnela.com\/?page_id=561"},"modified":"2021-01-15T10:54:32","modified_gmt":"2021-01-15T10:54:32","slug":"rekisteri-ja-tietosuojaseloste","status":"publish","type":"page","link":"https:\/\/inarionnela.com\/en\/rekisteri-ja-tietosuojaseloste\/","title":{"rendered":"Rekisteri- ja tietosuojaseloste"},"content":{"rendered":"<p>[et_pb_section fb_built=&#8221;1&#8243; _builder_version=&#8221;4.3.2&#8243; background_color=&#8221;rgba(229,214,199,0.26)&#8221;][et_pb_row _builder_version=&#8221;4.3.2&#8243; background_enable_color=&#8221;off&#8221; background_enable_image=&#8221;off&#8221; background_blend=&#8221;overlay&#8221; border_width_all=&#8221;19px&#8221; border_color_all=&#8221;rgba(255,255,255,0)&#8221;][et_pb_column type=&#8221;4_4&#8243; _builder_version=&#8221;4.3.2&#8243;][et_pb_text _builder_version=&#8221;4.7.7&#8243; hover_enabled=&#8221;0&#8243; sticky_enabled=&#8221;0&#8243;]<\/p>\n<h2><strong>REKISTERI -JA TIETOSUOJASELOSTE<\/strong><\/h2>\n<p>&nbsp;<\/p>\n<div class=\"module text\">\n<h4><strong>REKISTERI- JA TIETOSUOJASELOSTE\u00a0<\/strong><\/h4>\n<p class=\"\">T\u00e4m\u00e4 on Yrityksen\u00a0henkil\u00f6tietolain (10 ja 24 \u00a7) ja EU:n yleisen tietosuoja-asetuksen (GDPR) mukainen rekisteri- ja tietosuojaseloste. Laadittu 1.9.2020.<\/p>\n<h4><strong>1. REKISTERINPIT\u00c4J\u00c4<\/strong><\/h4>\n<p class=\"sc-5564dx-1 ihGAkD\"><span>Inari Onnela Wilderness Services Oy<\/span><\/p>\n<p class=\"\"><span>Y-tunnus 3101746-2<\/span><\/p>\n<div class=\"row\" data-reactid=\"31\">\n<div class=\"col-sm-6 col-md-4\" data-reactid=\"32\">\n<div class=\"ServerOnly\" data-server-only=\"&lt;div&gt;&lt;li&gt;&lt;i class=&quot;fa fa-li&quot;&gt;\uf0e0&lt;\/i&gt; &lt;span class=&quot;listing-postal-address&quot;&gt;Monopolku 5, 99830 Saariselk\u00e4&lt;\/span&gt;&lt;\/li&gt;&lt;\/div&gt;\" data-reactid=\"55\" style=\"box-sizing: border-box;\">\n<div>\n<p><span class=\"listing-postal-address\">Monopolku 5, 99830 Saariselk\u00e4<\/span><\/p>\n<p><span class=\"listing-postal-address\"><\/span><\/p>\n<\/div>\n<\/div>\n<\/div>\n<\/div>\n<h4><strong>2. REKISTERIST\u00c4 VASTAAVA YHTEYSHENKIL\u00d6<\/strong><\/h4>\n<p class=\"\">Petri Kokkonen<\/p>\n<h4><strong>3. REKISTERIN NIMI<\/strong><\/h4>\n<p class=\"\">Asiakastieto- ja markkinointirekisteri<\/p>\n<h4><strong>4. OIKEUSPERUSTE JA HENKIL\u00d6TIETOJEN K\u00c4SITTELYN TARKOITUS<\/strong><\/h4>\n<p class=\"\">Ker\u00e4\u00e4mme ja k\u00e4sittelemme henkil\u00f6tietojasi, jos olet asiakkaamme tai olet ollut asiakkaamme tai ollut yhteydess\u00e4 meihin joitain k\u00e4ytt\u00e4mi\u00e4mme kanavia pitkin kuten facebook tai instagram.<\/p>\n<p class=\"\">Rekisteriin tallennettavat tiedot saadaan ensisijaisesti asiakkaalta itselt\u00e4\u00e4n. Voit antaa tietoja itsest\u00e4si esimerkiksi www-lomakkeilla l\u00e4hetetyill\u00e4 viesteill\u00e4, s\u00e4hk\u00f6postilla, puhelimitse, sek\u00e4 sosiaalisen median palvelujen kautta tai kampanjoiden ja tapahtumien yhteydess\u00e4.<\/p>\n<h4><strong>5. REKISTERIN TIETOSIS\u00c4LT\u00d6<\/strong><\/h4>\n<p class=\"\">Rekisteriin tallennettavia tietoja ovat: henkil\u00f6n nimi, yhteystiedot (puhelinnumero, s\u00e4hk\u00f6postiosoite, osoite), www-sivustojen osoitteet, verkkoyhteyden IP-osoite, tunnukset\/profiilit sosiaalisen median palveluissa, tiedot tilatuista palveluista ja niiden muutoksista, laskutustiedot, muut asiakassuhteeseen ja tilattuihin palveluihin liittyv\u00e4t tiedot.<\/p>\n<p class=\"\">S\u00e4ilyt\u00e4mme henkil\u00f6tietojasi niin kauan, kuin on tarpeellista rekisterin k\u00e4ytt\u00f6tarkoitusten toteuttamiseksi.<\/p>\n<p class=\"\">Lis\u00e4ksi joitain tietoja voidaan s\u00e4ilytt\u00e4\u00e4 kauemmin niilt\u00e4 osin kuin se on tarpeen laissa asetettujen velvollisuuksien, kuten kirjanpitoa ja kuluttajakauppaa koskevien vastuiden hoitamiseksi.<\/p>\n<p class=\"\">Manuaalinen asiakastietoaineisto tuhotaan, kun niill\u00e4 ei katsota olevan k\u00e4ytt\u00f6\u00e4 (esimerkiksi tiedot on siirretty s\u00e4hk\u00f6iseen j\u00e4rjestelm\u00e4\u00e4n) tai muusta aiheellisesta syyst\u00e4.<\/p>\n<h4><strong>6. S\u00c4\u00c4NN\u00d6NMUKAISET TIETOL\u00c4HTEET<\/strong><\/h4>\n<p class=\"\">Rekisteriin tallennettavat tiedot saadaan asiakkaalta mm. www-lomakkeilla l\u00e4hetetyist\u00e4 viesteist\u00e4, s\u00e4hk\u00f6postitse, puhelimitse, sosiaalisen median palvelujen kautta, sopimuksista, asiakastapaamisista ja muista tilanteista, joissa asiakas luovuttaa tietojaan.<\/p>\n<h4><strong>7. TIETOJEN S\u00c4\u00c4NN\u00d6NMUKAISET LUOVUTUKSET JA TIETOJEN SIIRTO EU:N TAI ETA:N ULKOPUOLELLE<\/strong><\/h4>\n<p class=\"\">Tietoja ei luovuteta s\u00e4\u00e4nn\u00f6nmukaisesti muille tahoille. Tietoja voidaan julkaista silt\u00e4 osin kuin niin on sovittu asiakkaan kanssa.<\/p>\n<h4><strong>8. REKISTERIN SUOJAUKSEN PERIAATTEET<\/strong><\/h4>\n<p class=\"\">Rekisterin k\u00e4sittelyss\u00e4 noudatetaan huolellisuutta ja tietoj\u00e4rjestelmien avulla k\u00e4sitelt\u00e4v\u00e4t tiedot suojataan asianmukaisesti. Kun rekisteritietoja s\u00e4ilytet\u00e4\u00e4n Internet-palvelimilla, niiden laitteiston fyysisest\u00e4 ja digitaalisesta tietoturvasta huolehditaan asiaankuuluvasti. Rekisterinpit\u00e4j\u00e4 huolehtii siit\u00e4, ett\u00e4 tallennettuja tietoja sek\u00e4 palvelimien k\u00e4ytt\u00f6oikeuksia ja muita henkil\u00f6tietojen turvallisuuden kannalta kriittisi\u00e4 tietoja k\u00e4sitell\u00e4\u00e4n luottamuksellisesti ja vain niiden ty\u00f6ntekij\u00f6iden toimesta, joiden ty\u00f6nkuvaan se kuuluu.<\/p>\n<h4><strong>9. TARKASTUSOIKEUS JA OIKEUS VAATIA TIEDON KORJAAMISTA<\/strong><\/h4>\n<p class=\"\">Jokaisella rekisteriss\u00e4 olevalla henkil\u00f6ll\u00e4 on oikeus tarkistaa rekisteriin tallennetut tietonsa ja vaatia mahdollisen virheellisen tiedon korjaamista tai puutteellisen tiedon t\u00e4ydent\u00e4mist\u00e4. Mik\u00e4li henkil\u00f6 haluaa tarkistaa h\u00e4nest\u00e4 tallennetut tiedot tai vaatia niihin oikaisua, pyynt\u00f6 tulee l\u00e4hett\u00e4\u00e4 kirjallisesti\u00a0rekisterinpit\u00e4j\u00e4lle. Rekisterinpit\u00e4j\u00e4 voi pyyt\u00e4\u00e4 tarvittaessa pyynn\u00f6n esitt\u00e4j\u00e4\u00e4 todistamaan henkil\u00f6llisyytens\u00e4. Rekisterinpit\u00e4j\u00e4 vastaa asiakkaalle EU:n tietosuoja-asetuksessa s\u00e4\u00e4detyss\u00e4 ajassa (p\u00e4\u00e4s\u00e4\u00e4nt\u00f6isesti kuukauden kuluessa).<\/p>\n<h4><strong>10. MUUT HENKIL\u00d6TIETOJEN K\u00c4SITTELYYN LIITTYV\u00c4T OIKEUDET<\/strong><\/h4>\n<p class=\"\">Rekisteriss\u00e4 olevalla henkil\u00f6ll\u00e4 on oikeus pyyt\u00e4\u00e4 h\u00e4nt\u00e4 koskevien henkil\u00f6tietojen poistamiseen rekisterist\u00e4 (\u201coikeus tulla unohdetuksi\u201d). Niin ik\u00e4\u00e4n rekister\u00f6idyill\u00e4 on muut<span>\u00a0<a href=\"http:\/\/eur-lex.europa.eu\/legal-content\/FI\/TXT\/?uri=CELEX%3A32016R0679#d1e2144-1-1\" data-et-has-event-already=\"true\">EU:n yleisen tietosuoja-asetuksen mukaiset oikeudet<\/a>\u00a0<\/span>kuten henkil\u00f6tietojen k\u00e4sittelyn rajoittaminen tietyiss\u00e4 tilanteissa. Pyynn\u00f6t tulee l\u00e4hett\u00e4\u00e4 kirjallisesti\u00a0rekisterinpit\u00e4j\u00e4lle. Rekisterinpit\u00e4j\u00e4 voi pyyt\u00e4\u00e4 tarvittaessa pyynn\u00f6n esitt\u00e4j\u00e4\u00e4 todistamaan henkil\u00f6llisyytens\u00e4. Rekisterinpit\u00e4j\u00e4 vastaa asiakkaalle EU:n tietosuoja-asetuksessa s\u00e4\u00e4detyss\u00e4 ajassa (p\u00e4\u00e4s\u00e4\u00e4nt\u00f6isesti kuukauden kuluessa).<\/p>\n<\/div>\n<p>[\/et_pb_text][\/et_pb_column][\/et_pb_row][\/et_pb_section][et_pb_section fb_built=&#8221;1&#8243; _builder_version=&#8221;4.7.7&#8243; background_color=&#8221;rgba(232,218,127,0.04)&#8221;][et_pb_row column_structure=&#8221;1_2,1_2&#8243; _builder_version=&#8221;4.3.2&#8243;][et_pb_column type=&#8221;1_2&#8243; _builder_version=&#8221;4.3.2&#8243;][et_pb_text _builder_version=&#8221;4.7.7&#8243;]<\/p>\n<p><strong>Inari Onnela Wilderness Services Oy<\/strong><br \/> Y-tunnus 3101746-2<\/p>\n<p>Petri Kokkonen<br \/> +358405591019<br \/> info@inarionnela.com<\/p>\n<p>[\/et_pb_text][et_pb_social_media_follow _builder_version=&#8221;4.7.7&#8243; _module_preset=&#8221;default&#8221;][et_pb_social_media_follow_network social_network=&#8221;facebook&#8221; url=&#8221;https:\/\/www.facebook.com\/Inari-Onnela-Wilderness-Services-102387791696290\/&#8221; _builder_version=&#8221;4.7.7&#8243; _module_preset=&#8221;default&#8221; background_color=&#8221;#3b5998&#8243; follow_button=&#8221;off&#8221; url_new_window=&#8221;on&#8221;]facebook[\/et_pb_social_media_follow_network][et_pb_social_media_follow_network social_network=&#8221;instagram&#8221; url=&#8221;https:\/\/www.instagram.com\/inarionnela\/&#8221; use_icon_font_size=&#8221;on&#8221; _builder_version=&#8221;4.7.7&#8243; _module_preset=&#8221;default&#8221; background_color=&#8221;#ea2c59&#8243; follow_button=&#8221;off&#8221; url_new_window=&#8221;on&#8221;]instagram[\/et_pb_social_media_follow_network][\/et_pb_social_media_follow][\/et_pb_column][et_pb_column type=&#8221;1_2&#8243; _builder_version=&#8221;4.3.2&#8243;][et_pb_image src=&#8221;https:\/\/inarionnela.comwp-content\/uploads\/2020\/03\/logo_uusin.png&#8221; align=&#8221;center&#8221; _builder_version=&#8221;4.3.2&#8243; width=&#8221;48%&#8221;][\/et_pb_image][\/et_pb_column][\/et_pb_row][\/et_pb_section]<\/p>","protected":false},"excerpt":{"rendered":"<p>REKISTERI -JA TIETOSUOJASELOSTE &nbsp; REKISTERI- JA TIETOSUOJASELOSTE\u00a0 T\u00e4m\u00e4 on Yrityksen\u00a0henkil\u00f6tietolain (10 ja 24 \u00a7) ja EU:n yleisen tietosuoja-asetuksen (GDPR) mukainen rekisteri- ja tietosuojaseloste. Laadittu 1.9.2020. 1. REKISTERINPIT\u00c4J\u00c4 Inari Onnela Wilderness Services Oy Y-tunnus 3101746-2 Monopolku 5, 99830 Saariselk\u00e4 2. REKISTERIST\u00c4 VASTAAVA YHTEYSHENKIL\u00d6 Petri Kokkonen 3. REKISTERIN NIMI Asiakastieto- ja markkinointirekisteri 4. OIKEUSPERUSTE JA HENKIL\u00d6TIETOJEN K\u00c4SITTELYN [&hellip;]<\/p>","protected":false},"author":1,"featured_media":0,"parent":0,"menu_order":0,"comment_status":"closed","ping_status":"closed","template":"","meta":{"_et_pb_use_builder":"on","_et_pb_old_content":"","_et_gb_content_width":"","footnotes":""},"class_list":["post-561","page","type-page","status-publish","hentry"],"yoast_head":"<!-- This site is optimized with the Yoast SEO plugin v24.9 - https:\/\/yoast.com\/wordpress\/plugins\/seo\/ -->\n<title>Rekisteri- ja tietosuojaseloste - Inari Onnela Wilderness Services<\/title>\n<meta name=\"robots\" content=\"index, follow, max-snippet:-1, max-image-preview:large, max-video-preview:-1\" \/>\n<link rel=\"canonical\" href=\"https:\/\/inarionnela.com\/en\/rekisteri-ja-tietosuojaseloste\/\" \/>\n<meta property=\"og:locale\" content=\"en_GB\" \/>\n<meta property=\"og:type\" content=\"article\" \/>\n<meta property=\"og:title\" content=\"Rekisteri- ja tietosuojaseloste - Inari Onnela Wilderness Services\" \/>\n<meta property=\"og:description\" content=\"REKISTERI -JA TIETOSUOJASELOSTE &nbsp; REKISTERI- JA TIETOSUOJASELOSTE\u00a0 T\u00e4m\u00e4 on Yrityksen\u00a0henkil\u00f6tietolain (10 ja 24 \u00a7) ja EU:n yleisen tietosuoja-asetuksen (GDPR) mukainen rekisteri- ja tietosuojaseloste. Laadittu 1.9.2020. 1. REKISTERINPIT\u00c4J\u00c4 Inari Onnela Wilderness Services Oy Y-tunnus 3101746-2 Monopolku 5, 99830 Saariselk\u00e4 2. REKISTERIST\u00c4 VASTAAVA YHTEYSHENKIL\u00d6 Petri Kokkonen 3. REKISTERIN NIMI Asiakastieto- ja markkinointirekisteri 4. OIKEUSPERUSTE JA HENKIL\u00d6TIETOJEN K\u00c4SITTELYN [&hellip;]\" \/>\n<meta property=\"og:url\" content=\"https:\/\/inarionnela.com\/en\/rekisteri-ja-tietosuojaseloste\/\" \/>\n<meta property=\"og:site_name\" content=\"Inari Onnela Wilderness Services\" \/>\n<meta property=\"article:modified_time\" content=\"2021-01-15T10:54:32+00:00\" \/>\n<meta name=\"twitter:card\" content=\"summary_large_image\" \/>\n<script type=\"application\/ld+json\" class=\"yoast-schema-graph\">{\"@context\":\"https:\/\/schema.org\",\"@graph\":[{\"@type\":\"WebPage\",\"@id\":\"https:\/\/inarionnela.com\/rekisteri-ja-tietosuojaseloste\/\",\"url\":\"https:\/\/inarionnela.com\/rekisteri-ja-tietosuojaseloste\/\",\"name\":\"Rekisteri- ja tietosuojaseloste - Inari Onnela Wilderness Services\",\"isPartOf\":{\"@id\":\"https:\/\/inarionnela.com\/#website\"},\"datePublished\":\"2021-01-15T10:52:05+00:00\",\"dateModified\":\"2021-01-15T10:54:32+00:00\",\"breadcrumb\":{\"@id\":\"https:\/\/inarionnela.com\/rekisteri-ja-tietosuojaseloste\/#breadcrumb\"},\"inLanguage\":\"en-GB\",\"potentialAction\":[{\"@type\":\"ReadAction\",\"target\":[\"https:\/\/inarionnela.com\/rekisteri-ja-tietosuojaseloste\/\"]}]},{\"@type\":\"BreadcrumbList\",\"@id\":\"https:\/\/inarionnela.com\/rekisteri-ja-tietosuojaseloste\/#breadcrumb\",\"itemListElement\":[{\"@type\":\"ListItem\",\"position\":1,\"name\":\"Etusivu\",\"item\":\"https:\/\/inarionnela.com\/\"},{\"@type\":\"ListItem\",\"position\":2,\"name\":\"Rekisteri- ja tietosuojaseloste\"}]},{\"@type\":\"WebSite\",\"@id\":\"https:\/\/inarionnela.com\/#website\",\"url\":\"https:\/\/inarionnela.com\/\",\"name\":\"Inari Onnela Wilderness Services\",\"description\":\"Mik&auml;li haet lomaltasi yksityisyytt&auml;, rauhaa ja hiljaisuutta sek&auml; puhdasta luontoa.\",\"publisher\":{\"@id\":\"https:\/\/inarionnela.com\/#organization\"},\"potentialAction\":[{\"@type\":\"SearchAction\",\"target\":{\"@type\":\"EntryPoint\",\"urlTemplate\":\"https:\/\/inarionnela.com\/?s={search_term_string}\"},\"query-input\":{\"@type\":\"PropertyValueSpecification\",\"valueRequired\":true,\"valueName\":\"search_term_string\"}}],\"inLanguage\":\"en-GB\"},{\"@type\":\"Organization\",\"@id\":\"https:\/\/inarionnela.com\/#organization\",\"name\":\"Inari Onnela\",\"url\":\"https:\/\/inarionnela.com\/\",\"logo\":{\"@type\":\"ImageObject\",\"inLanguage\":\"en-GB\",\"@id\":\"https:\/\/inarionnela.com\/#\/schema\/logo\/image\/\",\"url\":\"https:\/\/inarionnela.com\/wp-content\/uploads\/2020\/12\/cropped-logo_sivuille-03.png\",\"contentUrl\":\"https:\/\/inarionnela.com\/wp-content\/uploads\/2020\/12\/cropped-logo_sivuille-03.png\",\"width\":512,\"height\":512,\"caption\":\"Inari Onnela\"},\"image\":{\"@id\":\"https:\/\/inarionnela.com\/#\/schema\/logo\/image\/\"}}]}<\/script>\n<!-- \/ Yoast SEO plugin. -->","yoast_head_json":{"title":"Rekisteri- ja tietosuojaseloste - Inari Onnela Wilderness Services","robots":{"index":"index","follow":"follow","max-snippet":"max-snippet:-1","max-image-preview":"max-image-preview:large","max-video-preview":"max-video-preview:-1"},"canonical":"https:\/\/inarionnela.com\/en\/rekisteri-ja-tietosuojaseloste\/","og_locale":"en_GB","og_type":"article","og_title":"Rekisteri- ja tietosuojaseloste - Inari Onnela Wilderness Services","og_description":"REKISTERI -JA TIETOSUOJASELOSTE &nbsp; REKISTERI- JA TIETOSUOJASELOSTE\u00a0 T\u00e4m\u00e4 on Yrityksen\u00a0henkil\u00f6tietolain (10 ja 24 \u00a7) ja EU:n yleisen tietosuoja-asetuksen (GDPR) mukainen rekisteri- ja tietosuojaseloste. Laadittu 1.9.2020. 1. REKISTERINPIT\u00c4J\u00c4 Inari Onnela Wilderness Services Oy Y-tunnus 3101746-2 Monopolku 5, 99830 Saariselk\u00e4 2. REKISTERIST\u00c4 VASTAAVA YHTEYSHENKIL\u00d6 Petri Kokkonen 3. REKISTERIN NIMI Asiakastieto- ja markkinointirekisteri 4. OIKEUSPERUSTE JA HENKIL\u00d6TIETOJEN K\u00c4SITTELYN [&hellip;]","og_url":"https:\/\/inarionnela.com\/en\/rekisteri-ja-tietosuojaseloste\/","og_site_name":"Inari Onnela Wilderness Services","article_modified_time":"2021-01-15T10:54:32+00:00","twitter_card":"summary_large_image","schema":{"@context":"https:\/\/schema.org","@graph":[{"@type":"WebPage","@id":"https:\/\/inarionnela.com\/rekisteri-ja-tietosuojaseloste\/","url":"https:\/\/inarionnela.com\/rekisteri-ja-tietosuojaseloste\/","name":"Rekisteri- ja tietosuojaseloste - Inari Onnela Wilderness Services","isPartOf":{"@id":"https:\/\/inarionnela.com\/#website"},"datePublished":"2021-01-15T10:52:05+00:00","dateModified":"2021-01-15T10:54:32+00:00","breadcrumb":{"@id":"https:\/\/inarionnela.com\/rekisteri-ja-tietosuojaseloste\/#breadcrumb"},"inLanguage":"en-GB","potentialAction":[{"@type":"ReadAction","target":["https:\/\/inarionnela.com\/rekisteri-ja-tietosuojaseloste\/"]}]},{"@type":"BreadcrumbList","@id":"https:\/\/inarionnela.com\/rekisteri-ja-tietosuojaseloste\/#breadcrumb","itemListElement":[{"@type":"ListItem","position":1,"name":"Etusivu","item":"https:\/\/inarionnela.com\/"},{"@type":"ListItem","position":2,"name":"Rekisteri- ja tietosuojaseloste"}]},{"@type":"WebSite","@id":"https:\/\/inarionnela.com\/#website","url":"https:\/\/inarionnela.com\/","name":"Inari Onnela Wilderness Services","description":"Mik&auml;li haet lomaltasi yksityisyytt&auml;, rauhaa ja hiljaisuutta sek&auml; puhdasta luontoa.","publisher":{"@id":"https:\/\/inarionnela.com\/#organization"},"potentialAction":[{"@type":"SearchAction","target":{"@type":"EntryPoint","urlTemplate":"https:\/\/inarionnela.com\/?s={search_term_string}"},"query-input":{"@type":"PropertyValueSpecification","valueRequired":true,"valueName":"search_term_string"}}],"inLanguage":"en-GB"},{"@type":"Organization","@id":"https:\/\/inarionnela.com\/#organization","name":"Inari Onnela","url":"https:\/\/inarionnela.com\/","logo":{"@type":"ImageObject","inLanguage":"en-GB","@id":"https:\/\/inarionnela.com\/#\/schema\/logo\/image\/","url":"https:\/\/inarionnela.com\/wp-content\/uploads\/2020\/12\/cropped-logo_sivuille-03.png","contentUrl":"https:\/\/inarionnela.com\/wp-content\/uploads\/2020\/12\/cropped-logo_sivuille-03.png","width":512,"height":512,"caption":"Inari Onnela"},"image":{"@id":"https:\/\/inarionnela.com\/#\/schema\/logo\/image\/"}}]}},"_links":{"self":[{"href":"https:\/\/inarionnela.com\/en\/wp-json\/wp\/v2\/pages\/561","targetHints":{"allow":["GET"]}}],"collection":[{"href":"https:\/\/inarionnela.com\/en\/wp-json\/wp\/v2\/pages"}],"about":[{"href":"https:\/\/inarionnela.com\/en\/wp-json\/wp\/v2\/types\/page"}],"author":[{"embeddable":true,"href":"https:\/\/inarionnela.com\/en\/wp-json\/wp\/v2\/users\/1"}],"replies":[{"embeddable":true,"href":"https:\/\/inarionnela.com\/en\/wp-json\/wp\/v2\/comments?post=561"}],"version-history":[{"count":0,"href":"https:\/\/inarionnela.com\/en\/wp-json\/wp\/v2\/pages\/561\/revisions"}],"wp:attachment":[{"href":"https:\/\/inarionnela.com\/en\/wp-json\/wp\/v2\/media?parent=561"}],"curies":[{"name":"wp","href":"https:\/\/api.w.org\/{rel}","templated":true}]}}