{"id":432,"date":"2020-12-17T14:54:16","date_gmt":"2020-12-17T14:54:16","guid":{"rendered":"http:\/\/31.217.196.205\/~pcauuqdi\/inari-onnela-suomi\/"},"modified":"2023-11-16T07:56:03","modified_gmt":"2023-11-16T07:56:03","slug":"inari-onnela-suomi","status":"publish","type":"page","link":"https:\/\/inarionnela.com\/en\/inari-onnela-suomi\/","title":{"rendered":"Inari Onnela &#8211; Suomi"},"content":{"rendered":"<p>[et_pb_section admin_label=&#8221;section&#8221;]<br \/>\n\t\t\t[et_pb_row admin_label=&#8221;row&#8221;]<br \/>\n\t\t\t\t[et_pb_column type=&#8221;4_4&#8243;][\/et_pb_column]<br \/>\n\t\t\t[\/et_pb_row]<br \/>\n\t\t[\/et_pb_section]<\/p>","protected":false},"excerpt":{"rendered":"","protected":false},"author":1,"featured_media":0,"parent":0,"menu_order":0,"comment_status":"closed","ping_status":"closed","template":"","meta":{"_et_pb_use_builder":"on","_et_pb_old_content":"","_et_gb_content_width":"","footnotes":""},"class_list":["post-432","page","type-page","status-publish","hentry"],"yoast_head":"<!-- This site is optimized with the Yoast SEO plugin v24.9 - https:\/\/yoast.com\/wordpress\/plugins\/seo\/ -->\n<title>Inari Onnela Wilderness Service - Inari - Lapland - Suomi<\/title>\n<meta name=\"description\" content=\"Tarjoamme asiakkaillemme unohtumattomia el\u00e4myksi\u00e4 Lapin er\u00e4maassa. Inarij\u00e4rvi ja sen ymp\u00e4r\u00f6im\u00e4 kaunis luonto lumoavat.\" \/>\n<meta name=\"robots\" content=\"index, follow, max-snippet:-1, max-image-preview:large, max-video-preview:-1\" \/>\n<link rel=\"canonical\" href=\"https:\/\/inarionnela.com\/en\/inari-onnela-suomi\/\" \/>\n<meta property=\"og:locale\" content=\"en_GB\" \/>\n<meta property=\"og:type\" content=\"article\" \/>\n<meta property=\"og:title\" content=\"Inari Onnela Wilderness Service - Inari - Lapland - Suomi\" \/>\n<meta property=\"og:description\" content=\"Tarjoamme asiakkaillemme unohtumattomia el\u00e4myksi\u00e4 Lapin er\u00e4maassa. Inarij\u00e4rvi ja sen ymp\u00e4r\u00f6im\u00e4 kaunis luonto lumoavat.\" \/>\n<meta property=\"og:url\" content=\"https:\/\/inarionnela.com\/en\/inari-onnela-suomi\/\" \/>\n<meta property=\"og:site_name\" content=\"Inari Onnela Wilderness Services\" \/>\n<meta property=\"article:modified_time\" content=\"2023-11-16T07:56:03+00:00\" \/>\n<meta property=\"og:image\" content=\"https:\/\/inarionnela.com\/wp-content\/uploads\/2020\/12\/cropped-logo_sivuille-03.png\" \/>\n\t<meta property=\"og:image:width\" content=\"512\" \/>\n\t<meta property=\"og:image:height\" content=\"512\" \/>\n\t<meta property=\"og:image:type\" content=\"image\/png\" \/>\n<meta name=\"twitter:card\" content=\"summary_large_image\" \/>\n<script type=\"application\/ld+json\" class=\"yoast-schema-graph\">{\"@context\":\"https:\/\/schema.org\",\"@graph\":[{\"@type\":\"WebPage\",\"@id\":\"https:\/\/inarionnela.com\/inari-onnela-suomi\/\",\"url\":\"https:\/\/inarionnela.com\/inari-onnela-suomi\/\",\"name\":\"Inari Onnela Wilderness Service - Inari - Lapland - Suomi\",\"isPartOf\":{\"@id\":\"https:\/\/inarionnela.com\/#website\"},\"datePublished\":\"2020-12-17T14:54:16+00:00\",\"dateModified\":\"2023-11-16T07:56:03+00:00\",\"description\":\"Tarjoamme asiakkaillemme unohtumattomia el\u00e4myksi\u00e4 Lapin er\u00e4maassa. Inarij\u00e4rvi ja sen ymp\u00e4r\u00f6im\u00e4 kaunis luonto lumoavat.\",\"breadcrumb\":{\"@id\":\"https:\/\/inarionnela.com\/inari-onnela-suomi\/#breadcrumb\"},\"inLanguage\":\"en-GB\",\"potentialAction\":[{\"@type\":\"ReadAction\",\"target\":[\"https:\/\/inarionnela.com\/inari-onnela-suomi\/\"]}]},{\"@type\":\"BreadcrumbList\",\"@id\":\"https:\/\/inarionnela.com\/inari-onnela-suomi\/#breadcrumb\",\"itemListElement\":[{\"@type\":\"ListItem\",\"position\":1,\"name\":\"Etusivu\",\"item\":\"https:\/\/inarionnela.com\/\"},{\"@type\":\"ListItem\",\"position\":2,\"name\":\"Inari Onnela &#8211; Suomi\"}]},{\"@type\":\"WebSite\",\"@id\":\"https:\/\/inarionnela.com\/#website\",\"url\":\"https:\/\/inarionnela.com\/\",\"name\":\"Inari Onnela Wilderness Services\",\"description\":\"Mik&auml;li haet lomaltasi yksityisyytt&auml;, rauhaa ja hiljaisuutta sek&auml; puhdasta luontoa.\",\"publisher\":{\"@id\":\"https:\/\/inarionnela.com\/#organization\"},\"potentialAction\":[{\"@type\":\"SearchAction\",\"target\":{\"@type\":\"EntryPoint\",\"urlTemplate\":\"https:\/\/inarionnela.com\/?s={search_term_string}\"},\"query-input\":{\"@type\":\"PropertyValueSpecification\",\"valueRequired\":true,\"valueName\":\"search_term_string\"}}],\"inLanguage\":\"en-GB\"},{\"@type\":\"Organization\",\"@id\":\"https:\/\/inarionnela.com\/#organization\",\"name\":\"Inari Onnela\",\"url\":\"https:\/\/inarionnela.com\/\",\"logo\":{\"@type\":\"ImageObject\",\"inLanguage\":\"en-GB\",\"@id\":\"https:\/\/inarionnela.com\/#\/schema\/logo\/image\/\",\"url\":\"https:\/\/inarionnela.com\/wp-content\/uploads\/2020\/12\/cropped-logo_sivuille-03.png\",\"contentUrl\":\"https:\/\/inarionnela.com\/wp-content\/uploads\/2020\/12\/cropped-logo_sivuille-03.png\",\"width\":512,\"height\":512,\"caption\":\"Inari Onnela\"},\"image\":{\"@id\":\"https:\/\/inarionnela.com\/#\/schema\/logo\/image\/\"}}]}<\/script>\n<!-- \/ Yoast SEO plugin. -->","yoast_head_json":{"title":"Inari Onnela Wilderness Service - Inari - Lapland - Suomi","description":"Tarjoamme asiakkaillemme unohtumattomia el\u00e4myksi\u00e4 Lapin er\u00e4maassa. Inarij\u00e4rvi ja sen ymp\u00e4r\u00f6im\u00e4 kaunis luonto lumoavat.","robots":{"index":"index","follow":"follow","max-snippet":"max-snippet:-1","max-image-preview":"max-image-preview:large","max-video-preview":"max-video-preview:-1"},"canonical":"https:\/\/inarionnela.com\/en\/inari-onnela-suomi\/","og_locale":"en_GB","og_type":"article","og_title":"Inari Onnela Wilderness Service - Inari - Lapland - Suomi","og_description":"Tarjoamme asiakkaillemme unohtumattomia el\u00e4myksi\u00e4 Lapin er\u00e4maassa. Inarij\u00e4rvi ja sen ymp\u00e4r\u00f6im\u00e4 kaunis luonto lumoavat.","og_url":"https:\/\/inarionnela.com\/en\/inari-onnela-suomi\/","og_site_name":"Inari Onnela Wilderness Services","article_modified_time":"2023-11-16T07:56:03+00:00","og_image":[{"width":512,"height":512,"url":"https:\/\/inarionnela.com\/wp-content\/uploads\/2020\/12\/cropped-logo_sivuille-03.png","type":"image\/png"}],"twitter_card":"summary_large_image","schema":{"@context":"https:\/\/schema.org","@graph":[{"@type":"WebPage","@id":"https:\/\/inarionnela.com\/inari-onnela-suomi\/","url":"https:\/\/inarionnela.com\/inari-onnela-suomi\/","name":"Inari Onnela Wilderness Service - Inari - Lapland - Suomi","isPartOf":{"@id":"https:\/\/inarionnela.com\/#website"},"datePublished":"2020-12-17T14:54:16+00:00","dateModified":"2023-11-16T07:56:03+00:00","description":"Tarjoamme asiakkaillemme unohtumattomia el\u00e4myksi\u00e4 Lapin er\u00e4maassa. Inarij\u00e4rvi ja sen ymp\u00e4r\u00f6im\u00e4 kaunis luonto lumoavat.","breadcrumb":{"@id":"https:\/\/inarionnela.com\/inari-onnela-suomi\/#breadcrumb"},"inLanguage":"en-GB","potentialAction":[{"@type":"ReadAction","target":["https:\/\/inarionnela.com\/inari-onnela-suomi\/"]}]},{"@type":"BreadcrumbList","@id":"https:\/\/inarionnela.com\/inari-onnela-suomi\/#breadcrumb","itemListElement":[{"@type":"ListItem","position":1,"name":"Etusivu","item":"https:\/\/inarionnela.com\/"},{"@type":"ListItem","position":2,"name":"Inari Onnela &#8211; Suomi"}]},{"@type":"WebSite","@id":"https:\/\/inarionnela.com\/#website","url":"https:\/\/inarionnela.com\/","name":"Inari Onnela Wilderness Services","description":"Mik&auml;li haet lomaltasi yksityisyytt&auml;, rauhaa ja hiljaisuutta sek&auml; puhdasta luontoa.","publisher":{"@id":"https:\/\/inarionnela.com\/#organization"},"potentialAction":[{"@type":"SearchAction","target":{"@type":"EntryPoint","urlTemplate":"https:\/\/inarionnela.com\/?s={search_term_string}"},"query-input":{"@type":"PropertyValueSpecification","valueRequired":true,"valueName":"search_term_string"}}],"inLanguage":"en-GB"},{"@type":"Organization","@id":"https:\/\/inarionnela.com\/#organization","name":"Inari Onnela","url":"https:\/\/inarionnela.com\/","logo":{"@type":"ImageObject","inLanguage":"en-GB","@id":"https:\/\/inarionnela.com\/#\/schema\/logo\/image\/","url":"https:\/\/inarionnela.com\/wp-content\/uploads\/2020\/12\/cropped-logo_sivuille-03.png","contentUrl":"https:\/\/inarionnela.com\/wp-content\/uploads\/2020\/12\/cropped-logo_sivuille-03.png","width":512,"height":512,"caption":"Inari Onnela"},"image":{"@id":"https:\/\/inarionnela.com\/#\/schema\/logo\/image\/"}}]}},"_links":{"self":[{"href":"https:\/\/inarionnela.com\/en\/wp-json\/wp\/v2\/pages\/432","targetHints":{"allow":["GET"]}}],"collection":[{"href":"https:\/\/inarionnela.com\/en\/wp-json\/wp\/v2\/pages"}],"about":[{"href":"https:\/\/inarionnela.com\/en\/wp-json\/wp\/v2\/types\/page"}],"author":[{"embeddable":true,"href":"https:\/\/inarionnela.com\/en\/wp-json\/wp\/v2\/users\/1"}],"replies":[{"embeddable":true,"href":"https:\/\/inarionnela.com\/en\/wp-json\/wp\/v2\/comments?post=432"}],"version-history":[{"count":0,"href":"https:\/\/inarionnela.com\/en\/wp-json\/wp\/v2\/pages\/432\/revisions"}],"wp:attachment":[{"href":"https:\/\/inarionnela.com\/en\/wp-json\/wp\/v2\/media?parent=432"}],"curies":[{"name":"wp","href":"https:\/\/api.w.org\/{rel}","templated":true}]}}