{"id":42,"date":"2020-03-06T21:55:10","date_gmt":"2020-03-06T21:55:10","guid":{"rendered":"http:\/\/31.217.196.205\/~pcauuqdi\/?page_id=42"},"modified":"2025-06-12T14:41:22","modified_gmt":"2025-06-12T14:41:22","slug":"yhteys","status":"publish","type":"page","link":"https:\/\/inarionnela.com\/en\/yhteys\/","title":{"rendered":"Contact"},"content":{"rendered":"<p>[et_pb_section fb_built=&#8221;1&#8243; _builder_version=&#8221;4.27.3&#8243; background_image=&#8221;https:\/\/inarionnela.com\/wp-content\/uploads\/2024\/11\/DJI_0035.jpg&#8221; parallax=&#8221;on&#8221; global_colors_info=&#8221;{}&#8221;][et_pb_row _builder_version=&#8221;4.16&#8243; custom_padding=&#8221;||100px|||&#8221; global_colors_info=&#8221;{}&#8221;][et_pb_column type=&#8221;4_4&#8243; _builder_version=&#8221;4.16&#8243; global_colors_info=&#8221;{}&#8221;][et_pb_text _builder_version=&#8221;4.24.0&#8243; header_text_color=&#8221;#FFFFFF&#8221; header_font_size=&#8221;40px&#8221; custom_padding=&#8221;100px||100px||false|false&#8221; global_colors_info=&#8221;{}&#8221;]<\/p>\n<h1 style=\"text-align: center;\">Contact Us<\/h1>\n<p>[\/et_pb_text][\/et_pb_column][\/et_pb_row][\/et_pb_section][et_pb_section fb_built=&#8221;1&#8243; module_id=&#8221;yhteys&#8221; _builder_version=&#8221;4.16&#8243; global_colors_info=&#8221;{}&#8221;][et_pb_row _builder_version=&#8221;4.24.0&#8243; global_colors_info=&#8221;{}&#8221;][et_pb_column type=&#8221;4_4&#8243; _builder_version=&#8221;4.16&#8243; global_colors_info=&#8221;{}&#8221;][et_pb_text _builder_version=&#8221;4.27.3&#8243; _module_preset=&#8221;default&#8221; hover_enabled=&#8221;0&#8243; global_colors_info=&#8221;{}&#8221; sticky_enabled=&#8221;0&#8243;]<\/p>\n<p>Please, e-mail us at:<\/p>\n<p><a href=\"mailto:info@inarionnela.com\">info@inarionnela.com<\/a><\/p>\n<p>Or<\/p>\n<p>By phone +358405591019<\/p>\n<p>&nbsp;<\/p>\n<p>[\/et_pb_text][et_pb_contact_form captcha=&#8221;off&#8221; email=&#8221;info@inarionnela.com&#8221; success_message=&#8221;Kiitos viestist\u00e4si! Thank you for your message, we will contact you soon.&#8221; submit_button_text=&#8221;L\u00e4het\u00e4&#8221; disabled_on=&#8221;off|off|off&#8221; _builder_version=&#8221;4.27.3&#8243; _unique_id=&#8221;1f60c1d2-855d-4798-ac86-6cb746628eef&#8221; hover_enabled=&#8221;0&#8243; locked=&#8221;off&#8221; global_colors_info=&#8221;{}&#8221; sticky_enabled=&#8221;0&#8243; use_redirect=&#8221;on&#8221; redirect_url=&#8221;https:\/\/inarionnela.com\/yhteys\/&#8221; title=&#8221;OTA YHTEYTT\u00c4 MEIHIN&#8221;][et_pb_contact_field field_id=&#8221;Name&#8221; field_title=&#8221;Nimi&#8221; min_length=&#8221;1&#8243; max_length=&#8221;102&#8243; fullwidth_field=&#8221;on&#8221; _builder_version=&#8221;4.27.3&#8243; hover_enabled=&#8221;0&#8243; global_colors_info=&#8221;{}&#8221; button_text_size__hover_enabled=&#8221;off&#8221; button_one_text_size__hover_enabled=&#8221;off&#8221; button_two_text_size__hover_enabled=&#8221;off&#8221; button_text_color__hover_enabled=&#8221;off&#8221; button_one_text_color__hover_enabled=&#8221;off&#8221; button_two_text_color__hover_enabled=&#8221;off&#8221; button_border_width__hover_enabled=&#8221;off&#8221; button_one_border_width__hover_enabled=&#8221;off&#8221; button_two_border_width__hover_enabled=&#8221;off&#8221; button_border_color__hover_enabled=&#8221;off&#8221; button_one_border_color__hover_enabled=&#8221;off&#8221; button_two_border_color__hover_enabled=&#8221;off&#8221; button_border_radius__hover_enabled=&#8221;off&#8221; button_one_border_radius__hover_enabled=&#8221;off&#8221; button_two_border_radius__hover_enabled=&#8221;off&#8221; button_letter_spacing__hover_enabled=&#8221;off&#8221; button_one_letter_spacing__hover_enabled=&#8221;off&#8221; button_two_letter_spacing__hover_enabled=&#8221;off&#8221; button_bg_color__hover_enabled=&#8221;off&#8221; button_one_bg_color__hover_enabled=&#8221;off&#8221; button_two_bg_color__hover_enabled=&#8221;off&#8221; required_mark=&#8221;off&#8221; sticky_enabled=&#8221;0&#8243;][\/et_pb_contact_field][et_pb_contact_field field_id=&#8221;Phone_number&#8221; field_title=&#8221;Puhelinnumero&#8221; required_mark=&#8221;off&#8221; fullwidth_field=&#8221;on&#8221; _builder_version=&#8221;4.27.3&#8243; hover_enabled=&#8221;0&#8243; global_colors_info=&#8221;{}&#8221; sticky_enabled=&#8221;0&#8243;][\/et_pb_contact_field][et_pb_contact_field field_id=&#8221;E-mail&#8221; field_title=&#8221;S\u00e4hk\u00f6posti&#8221; min_length=&#8221;1&#8243; max_length=&#8221;100&#8243; fullwidth_field=&#8221;on&#8221; _builder_version=&#8221;4.27.3&#8243; hover_enabled=&#8221;0&#8243; global_colors_info=&#8221;{}&#8221; required_mark=&#8221;off&#8221; sticky_enabled=&#8221;0&#8243;][\/et_pb_contact_field][et_pb_contact_field field_id=&#8221;Viestikentt\u00e4&#8221; field_title=&#8221;Lis\u00e4tiedot, vapaa teksti&#8221; field_type=&#8221;text&#8221; fullwidth_field=&#8221;on&#8221; _builder_version=&#8221;4.27.3&#8243; hover_enabled=&#8221;0&#8243; global_colors_info=&#8221;{}&#8221; button_text_size__hover_enabled=&#8221;off&#8221; button_one_text_size__hover_enabled=&#8221;off&#8221; button_two_text_size__hover_enabled=&#8221;off&#8221; button_text_color__hover_enabled=&#8221;off&#8221; button_one_text_color__hover_enabled=&#8221;off&#8221; button_two_text_color__hover_enabled=&#8221;off&#8221; button_border_width__hover_enabled=&#8221;off&#8221; button_one_border_width__hover_enabled=&#8221;off&#8221; button_two_border_width__hover_enabled=&#8221;off&#8221; button_border_color__hover_enabled=&#8221;off&#8221; button_one_border_color__hover_enabled=&#8221;off&#8221; button_two_border_color__hover_enabled=&#8221;off&#8221; button_border_radius__hover_enabled=&#8221;off&#8221; button_one_border_radius__hover_enabled=&#8221;off&#8221; button_two_border_radius__hover_enabled=&#8221;off&#8221; button_letter_spacing__hover_enabled=&#8221;off&#8221; button_one_letter_spacing__hover_enabled=&#8221;off&#8221; button_two_letter_spacing__hover_enabled=&#8221;off&#8221; button_bg_color__hover_enabled=&#8221;off&#8221; button_one_bg_color__hover_enabled=&#8221;off&#8221; button_two_bg_color__hover_enabled=&#8221;off&#8221; required_mark=&#8221;off&#8221; sticky_enabled=&#8221;0&#8243;][\/et_pb_contact_field][\/et_pb_contact_form][\/et_pb_column][\/et_pb_row][\/et_pb_section][et_pb_section fb_built=&#8221;1&#8243; _builder_version=&#8221;4.16&#8243; background_color=&#8221;rgba(229,214,199,0.26)&#8221; global_colors_info=&#8221;{}&#8221;][et_pb_row column_structure=&#8221;1_3,1_3,1_3&#8243; use_custom_gutter=&#8221;on&#8221; gutter_width=&#8221;1&#8243; _builder_version=&#8221;4.7.7&#8243; width=&#8221;100%&#8221; max_width=&#8221;1760px&#8221; module_alignment=&#8221;center&#8221; min_height=&#8221;100px&#8221; custom_padding=&#8221;0px||0px||false|false&#8221; global_module=&#8221;311&#8243; saved_tabs=&#8221;all&#8221; global_colors_info=&#8221;{}&#8221;][et_pb_column type=&#8221;1_3&#8243; _builder_version=&#8221;4.16&#8243; global_colors_info=&#8221;{}&#8221;][et_pb_image src=&#8221;https:\/\/inarionnela.comwp-content\/uploads\/2020\/12\/Inari_Onnela-16.jpg&#8221; force_fullwidth=&#8221;on&#8221; _builder_version=&#8221;4.16&#8243; border_width_all=&#8221;3px&#8221; border_color_all=&#8221;#ffffff&#8221; border_width_top=&#8221;6px&#8221; global_colors_info=&#8221;{}&#8221;][\/et_pb_image][\/et_pb_column][et_pb_column type=&#8221;1_3&#8243; _builder_version=&#8221;4.16&#8243; global_colors_info=&#8221;{}&#8221;][et_pb_image src=&#8221;https:\/\/inarionnela.comwp-content\/uploads\/2020\/12\/Inari_Onnela-17.jpg&#8221; _builder_version=&#8221;4.16&#8243; border_width_all=&#8221;3px&#8221; border_color_all=&#8221;#ffffff&#8221; border_width_top=&#8221;6px&#8221; global_colors_info=&#8221;{}&#8221;][\/et_pb_image][\/et_pb_column][et_pb_column type=&#8221;1_3&#8243; _builder_version=&#8221;4.16&#8243; global_colors_info=&#8221;{}&#8221;][et_pb_image src=&#8221;https:\/\/inarionnela.comwp-content\/uploads\/2020\/12\/Inari_Onnela-13.jpg&#8221; title_text=&#8221;Inari_Onnela-13&#8243; _builder_version=&#8221;4.16&#8243; border_width_all=&#8221;3px&#8221; border_color_all=&#8221;#ffffff&#8221; border_width_top=&#8221;6px&#8221; global_colors_info=&#8221;{}&#8221;][\/et_pb_image][\/et_pb_column][\/et_pb_row][et_pb_row column_structure=&#8221;1_3,1_3,1_3&#8243; use_custom_gutter=&#8221;on&#8221; gutter_width=&#8221;1&#8243; _builder_version=&#8221;4.16&#8243; width=&#8221;100%&#8221; max_width=&#8221;1760px&#8221; module_alignment=&#8221;center&#8221; min_height=&#8221;100px&#8221; custom_padding=&#8221;0px||0px|||&#8221; global_colors_info=&#8221;{}&#8221;][et_pb_column type=&#8221;1_3&#8243; _builder_version=&#8221;4.16&#8243; global_colors_info=&#8221;{}&#8221;][et_pb_image src=&#8221;https:\/\/inarionnela.comwp-content\/uploads\/2020\/12\/Inari_Onnela-09.jpg&#8221; title_text=&#8221;Inari_Onnela-09&#8243; force_fullwidth=&#8221;on&#8221; _builder_version=&#8221;4.16&#8243; border_width_all=&#8221;3px&#8221; border_color_all=&#8221;#ffffff&#8221; border_width_bottom=&#8221;6px&#8221; global_colors_info=&#8221;{}&#8221;][\/et_pb_image][\/et_pb_column][et_pb_column type=&#8221;1_3&#8243; _builder_version=&#8221;4.16&#8243; global_colors_info=&#8221;{}&#8221;][et_pb_image src=&#8221;https:\/\/inarionnela.comwp-content\/uploads\/2020\/12\/Inari_Onnela-14.jpg&#8221; title_text=&#8221;Inari_Onnela-14&#8243; _builder_version=&#8221;4.16&#8243; border_width_all=&#8221;3px&#8221; border_color_all=&#8221;#ffffff&#8221; border_width_bottom=&#8221;6px&#8221; global_colors_info=&#8221;{}&#8221;][\/et_pb_image][\/et_pb_column][et_pb_column type=&#8221;1_3&#8243; _builder_version=&#8221;4.16&#8243; global_colors_info=&#8221;{}&#8221;][et_pb_image src=&#8221;https:\/\/inarionnela.comwp-content\/uploads\/2020\/12\/Inari_Onnela-01.jpg&#8221; title_text=&#8221;Inari_Onnela-01&#8243; _builder_version=&#8221;4.16&#8243; border_width_all=&#8221;3px&#8221; border_color_all=&#8221;#ffffff&#8221; border_width_bottom=&#8221;6px&#8221; global_colors_info=&#8221;{}&#8221;][\/et_pb_image][\/et_pb_column][\/et_pb_row][\/et_pb_section][et_pb_section fb_built=&#8221;1&#8243; _builder_version=&#8221;4.16&#8243; background_color=&#8221;rgba(232,218,127,0.04)&#8221; global_colors_info=&#8221;{}&#8221;][et_pb_row column_structure=&#8221;1_2,1_2&#8243; _builder_version=&#8221;4.16&#8243; global_colors_info=&#8221;{}&#8221;][et_pb_column type=&#8221;1_2&#8243; _builder_version=&#8221;4.16&#8243; global_colors_info=&#8221;{}&#8221;][et_pb_text _builder_version=&#8221;4.24.0&#8243; hover_enabled=&#8221;0&#8243; global_colors_info=&#8221;{}&#8221; sticky_enabled=&#8221;0&#8243;]<\/p>\n<p><strong>Inari Onnela Wilderness Services<\/strong><br \/>Y-tunnus 3101746-2<\/p>\n<p>Petri Kokkonen<\/p>\n<p>+358405591019<\/p>\n<p>info@inarionnela.com<\/p>\n<p>[\/et_pb_text][et_pb_social_media_follow _builder_version=&#8221;4.16&#8243; _module_preset=&#8221;default&#8221; global_colors_info=&#8221;{}&#8221;][et_pb_social_media_follow_network social_network=&#8221;facebook&#8221; url=&#8221;https:\/\/www.facebook.com\/Inari-Onnela-Wilderness-Services-102387791696290\/&#8221; _builder_version=&#8221;4.16&#8243; _module_preset=&#8221;default&#8221; background_color=&#8221;#3b5998&#8243; global_colors_info=&#8221;{}&#8221; follow_button=&#8221;off&#8221; url_new_window=&#8221;on&#8221;]facebook[\/et_pb_social_media_follow_network][et_pb_social_media_follow_network social_network=&#8221;instagram&#8221; url=&#8221;https:\/\/www.instagram.com\/inarionnela\/&#8221; use_icon_font_size=&#8221;on&#8221; _builder_version=&#8221;4.16&#8243; _module_preset=&#8221;default&#8221; background_color=&#8221;#ea2c59&#8243; global_colors_info=&#8221;{}&#8221; follow_button=&#8221;off&#8221; url_new_window=&#8221;on&#8221;]instagram[\/et_pb_social_media_follow_network][\/et_pb_social_media_follow][\/et_pb_column][et_pb_column type=&#8221;1_2&#8243; _builder_version=&#8221;4.16&#8243; global_colors_info=&#8221;{}&#8221;][et_pb_image src=&#8221;https:\/\/inarionnela.comwp-content\/uploads\/2020\/03\/logo_uusin.png&#8221; align=&#8221;center&#8221; _builder_version=&#8221;4.16&#8243; width=&#8221;48%&#8221; global_colors_info=&#8221;{}&#8221;][\/et_pb_image][\/et_pb_column][\/et_pb_row][\/et_pb_section]<\/p>","protected":false},"excerpt":{"rendered":"<p>OTA YHTEYTT\u00c4L\u00e4het\u00e4 meille s\u00e4hk\u00f6postia osoitteeseen: info@inarionnela.com Tai Puhelimitse +358405591019 &nbsp;Inari Onnela Wilderness ServicesY-tunnus 3101746-2 Petri Kokkonen +358405591019 info@inarionnela.com<\/p>","protected":false},"author":1,"featured_media":0,"parent":0,"menu_order":0,"comment_status":"closed","ping_status":"closed","template":"","meta":{"_et_pb_use_builder":"on","_et_pb_old_content":"","_et_gb_content_width":"","footnotes":""},"class_list":["post-42","page","type-page","status-publish","hentry"],"yoast_head":"<!-- This site is optimized with the Yoast SEO plugin v24.9 - https:\/\/yoast.com\/wordpress\/plugins\/seo\/ -->\n<title>Inari Onnela Wilderness Services - Yhteystiedot - Yhteys<\/title>\n<meta name=\"description\" content=\"Tarjoamme vierailemme unohtumattomia el\u00e4myksi\u00e4 Inarij\u00e4rvell\u00e4 ja V\u00e4ts\u00e4rin er\u00e4maassa ymp\u00e4rivuotisesti. Majoitukset, aktiviteetit, kuljetukset\" \/>\n<meta name=\"robots\" content=\"index, follow, max-snippet:-1, max-image-preview:large, max-video-preview:-1\" \/>\n<link rel=\"canonical\" href=\"https:\/\/inarionnela.com\/en\/yhteys\/\" \/>\n<meta property=\"og:locale\" content=\"en_GB\" \/>\n<meta property=\"og:type\" content=\"article\" \/>\n<meta property=\"og:title\" content=\"Inari Onnela Wilderness Services - Yhteystiedot - Yhteys\" \/>\n<meta property=\"og:description\" content=\"Tarjoamme vierailemme unohtumattomia el\u00e4myksi\u00e4 Inarij\u00e4rvell\u00e4 ja V\u00e4ts\u00e4rin er\u00e4maassa ymp\u00e4rivuotisesti. Majoitukset, aktiviteetit, kuljetukset\" \/>\n<meta property=\"og:url\" content=\"https:\/\/inarionnela.com\/en\/yhteys\/\" \/>\n<meta property=\"og:site_name\" content=\"Inari Onnela Wilderness Services\" \/>\n<meta property=\"article:modified_time\" content=\"2025-06-12T14:41:22+00:00\" \/>\n<meta name=\"twitter:card\" content=\"summary_large_image\" \/>\n<meta name=\"twitter:label1\" content=\"Estimated reading time\" \/>\n\t<meta name=\"twitter:data1\" content=\"2 minutes\" \/>\n<script type=\"application\/ld+json\" class=\"yoast-schema-graph\">{\"@context\":\"https:\/\/schema.org\",\"@graph\":[{\"@type\":\"WebPage\",\"@id\":\"https:\/\/inarionnela.com\/yhteys\/\",\"url\":\"https:\/\/inarionnela.com\/yhteys\/\",\"name\":\"Inari Onnela Wilderness Services - Yhteystiedot - Yhteys\",\"isPartOf\":{\"@id\":\"https:\/\/inarionnela.com\/#website\"},\"datePublished\":\"2020-03-06T21:55:10+00:00\",\"dateModified\":\"2025-06-12T14:41:22+00:00\",\"description\":\"Tarjoamme vierailemme unohtumattomia el\u00e4myksi\u00e4 Inarij\u00e4rvell\u00e4 ja V\u00e4ts\u00e4rin er\u00e4maassa ymp\u00e4rivuotisesti. Majoitukset, aktiviteetit, kuljetukset\",\"breadcrumb\":{\"@id\":\"https:\/\/inarionnela.com\/yhteys\/#breadcrumb\"},\"inLanguage\":\"en-GB\",\"potentialAction\":[{\"@type\":\"ReadAction\",\"target\":[\"https:\/\/inarionnela.com\/yhteys\/\"]}]},{\"@type\":\"BreadcrumbList\",\"@id\":\"https:\/\/inarionnela.com\/yhteys\/#breadcrumb\",\"itemListElement\":[{\"@type\":\"ListItem\",\"position\":1,\"name\":\"Etusivu\",\"item\":\"https:\/\/inarionnela.com\/\"},{\"@type\":\"ListItem\",\"position\":2,\"name\":\"Yhteys\"}]},{\"@type\":\"WebSite\",\"@id\":\"https:\/\/inarionnela.com\/#website\",\"url\":\"https:\/\/inarionnela.com\/\",\"name\":\"Inari Onnela Wilderness Services\",\"description\":\"Mik&auml;li haet lomaltasi yksityisyytt&auml;, rauhaa ja hiljaisuutta sek&auml; puhdasta luontoa.\",\"publisher\":{\"@id\":\"https:\/\/inarionnela.com\/#organization\"},\"potentialAction\":[{\"@type\":\"SearchAction\",\"target\":{\"@type\":\"EntryPoint\",\"urlTemplate\":\"https:\/\/inarionnela.com\/?s={search_term_string}\"},\"query-input\":{\"@type\":\"PropertyValueSpecification\",\"valueRequired\":true,\"valueName\":\"search_term_string\"}}],\"inLanguage\":\"en-GB\"},{\"@type\":\"Organization\",\"@id\":\"https:\/\/inarionnela.com\/#organization\",\"name\":\"Inari Onnela\",\"url\":\"https:\/\/inarionnela.com\/\",\"logo\":{\"@type\":\"ImageObject\",\"inLanguage\":\"en-GB\",\"@id\":\"https:\/\/inarionnela.com\/#\/schema\/logo\/image\/\",\"url\":\"https:\/\/inarionnela.com\/wp-content\/uploads\/2020\/12\/cropped-logo_sivuille-03.png\",\"contentUrl\":\"https:\/\/inarionnela.com\/wp-content\/uploads\/2020\/12\/cropped-logo_sivuille-03.png\",\"width\":512,\"height\":512,\"caption\":\"Inari Onnela\"},\"image\":{\"@id\":\"https:\/\/inarionnela.com\/#\/schema\/logo\/image\/\"}}]}<\/script>\n<!-- \/ Yoast SEO plugin. -->","yoast_head_json":{"title":"Inari Onnela Wilderness Services - Yhteystiedot - Yhteys","description":"Tarjoamme vierailemme unohtumattomia el\u00e4myksi\u00e4 Inarij\u00e4rvell\u00e4 ja V\u00e4ts\u00e4rin er\u00e4maassa ymp\u00e4rivuotisesti. Majoitukset, aktiviteetit, kuljetukset","robots":{"index":"index","follow":"follow","max-snippet":"max-snippet:-1","max-image-preview":"max-image-preview:large","max-video-preview":"max-video-preview:-1"},"canonical":"https:\/\/inarionnela.com\/en\/yhteys\/","og_locale":"en_GB","og_type":"article","og_title":"Inari Onnela Wilderness Services - Yhteystiedot - Yhteys","og_description":"Tarjoamme vierailemme unohtumattomia el\u00e4myksi\u00e4 Inarij\u00e4rvell\u00e4 ja V\u00e4ts\u00e4rin er\u00e4maassa ymp\u00e4rivuotisesti. Majoitukset, aktiviteetit, kuljetukset","og_url":"https:\/\/inarionnela.com\/en\/yhteys\/","og_site_name":"Inari Onnela Wilderness Services","article_modified_time":"2025-06-12T14:41:22+00:00","twitter_card":"summary_large_image","twitter_misc":{"Estimated reading time":"2 minutes"},"schema":{"@context":"https:\/\/schema.org","@graph":[{"@type":"WebPage","@id":"https:\/\/inarionnela.com\/yhteys\/","url":"https:\/\/inarionnela.com\/yhteys\/","name":"Inari Onnela Wilderness Services - Yhteystiedot - Yhteys","isPartOf":{"@id":"https:\/\/inarionnela.com\/#website"},"datePublished":"2020-03-06T21:55:10+00:00","dateModified":"2025-06-12T14:41:22+00:00","description":"Tarjoamme vierailemme unohtumattomia el\u00e4myksi\u00e4 Inarij\u00e4rvell\u00e4 ja V\u00e4ts\u00e4rin er\u00e4maassa ymp\u00e4rivuotisesti. Majoitukset, aktiviteetit, kuljetukset","breadcrumb":{"@id":"https:\/\/inarionnela.com\/yhteys\/#breadcrumb"},"inLanguage":"en-GB","potentialAction":[{"@type":"ReadAction","target":["https:\/\/inarionnela.com\/yhteys\/"]}]},{"@type":"BreadcrumbList","@id":"https:\/\/inarionnela.com\/yhteys\/#breadcrumb","itemListElement":[{"@type":"ListItem","position":1,"name":"Etusivu","item":"https:\/\/inarionnela.com\/"},{"@type":"ListItem","position":2,"name":"Yhteys"}]},{"@type":"WebSite","@id":"https:\/\/inarionnela.com\/#website","url":"https:\/\/inarionnela.com\/","name":"Inari Onnela Wilderness Services","description":"Mik&auml;li haet lomaltasi yksityisyytt&auml;, rauhaa ja hiljaisuutta sek&auml; puhdasta luontoa.","publisher":{"@id":"https:\/\/inarionnela.com\/#organization"},"potentialAction":[{"@type":"SearchAction","target":{"@type":"EntryPoint","urlTemplate":"https:\/\/inarionnela.com\/?s={search_term_string}"},"query-input":{"@type":"PropertyValueSpecification","valueRequired":true,"valueName":"search_term_string"}}],"inLanguage":"en-GB"},{"@type":"Organization","@id":"https:\/\/inarionnela.com\/#organization","name":"Inari Onnela","url":"https:\/\/inarionnela.com\/","logo":{"@type":"ImageObject","inLanguage":"en-GB","@id":"https:\/\/inarionnela.com\/#\/schema\/logo\/image\/","url":"https:\/\/inarionnela.com\/wp-content\/uploads\/2020\/12\/cropped-logo_sivuille-03.png","contentUrl":"https:\/\/inarionnela.com\/wp-content\/uploads\/2020\/12\/cropped-logo_sivuille-03.png","width":512,"height":512,"caption":"Inari Onnela"},"image":{"@id":"https:\/\/inarionnela.com\/#\/schema\/logo\/image\/"}}]}},"_links":{"self":[{"href":"https:\/\/inarionnela.com\/en\/wp-json\/wp\/v2\/pages\/42","targetHints":{"allow":["GET"]}}],"collection":[{"href":"https:\/\/inarionnela.com\/en\/wp-json\/wp\/v2\/pages"}],"about":[{"href":"https:\/\/inarionnela.com\/en\/wp-json\/wp\/v2\/types\/page"}],"author":[{"embeddable":true,"href":"https:\/\/inarionnela.com\/en\/wp-json\/wp\/v2\/users\/1"}],"replies":[{"embeddable":true,"href":"https:\/\/inarionnela.com\/en\/wp-json\/wp\/v2\/comments?post=42"}],"version-history":[{"count":0,"href":"https:\/\/inarionnela.com\/en\/wp-json\/wp\/v2\/pages\/42\/revisions"}],"wp:attachment":[{"href":"https:\/\/inarionnela.com\/en\/wp-json\/wp\/v2\/media?parent=42"}],"curies":[{"name":"wp","href":"https:\/\/api.w.org\/{rel}","templated":true}]}}