{"id":35,"date":"2020-03-06T21:49:23","date_gmt":"2020-03-06T21:49:23","guid":{"rendered":"http:\/\/31.217.196.205\/~pcauuqdi\/?page_id=35"},"modified":"2025-06-12T15:21:59","modified_gmt":"2025-06-12T15:21:59","slug":"onnela","status":"publish","type":"page","link":"https:\/\/inarionnela.com\/en\/onnela\/","title":{"rendered":"Onnela"},"content":{"rendered":"[et_pb_section fb_built=&#8221;1&#8243; _builder_version=&#8221;4.27.3&#8243; background_image=&#8221;https:\/\/inarionnela.com\/wp-content\/uploads\/2024\/02\/Onnela-jarvelta-pain-1.jpg&#8221; parallax=&#8221;on&#8221; global_colors_info=&#8221;{}&#8221;][et_pb_row _builder_version=&#8221;4.16&#8243; custom_margin=&#8221;100px|auto|150px|auto|false|false&#8221; global_colors_info=&#8221;{}&#8221;][et_pb_column type=&#8221;4_4&#8243; _builder_version=&#8221;4.16&#8243; global_colors_info=&#8221;{}&#8221;][et_pb_text _builder_version=&#8221;4.16&#8243; header_text_color=&#8221;#FFFFFF&#8221; header_font_size=&#8221;40px&#8221; global_colors_info=&#8221;{}&#8221;]<h1 style=\"text-align: center;\">ONNELA<\/h1>[\/et_pb_text][\/et_pb_column][\/et_pb_row][\/et_pb_section][et_pb_section fb_built=&#8221;1&#8243; _builder_version=&#8221;4.16&#8243; background_color=&#8221;rgba(229,214,199,0.26)&#8221; global_colors_info=&#8221;{}&#8221;][et_pb_row _builder_version=&#8221;4.16&#8243; global_colors_info=&#8221;{}&#8221;][et_pb_column type=&#8221;4_4&#8243; _builder_version=&#8221;4.16&#8243; global_colors_info=&#8221;{}&#8221;][et_pb_text _builder_version=&#8221;4.16&#8243; global_colors_info=&#8221;{}&#8221;]<h2 style=\"text-align: center;\">What is our location?<\/h2>[\/et_pb_text][\/et_pb_column][\/et_pb_row][et_pb_row _builder_version=&#8221;4.16&#8243; background_enable_color=&#8221;off&#8221; background_enable_image=&#8221;off&#8221; background_blend=&#8221;overlay&#8221; border_width_all=&#8221;19px&#8221; border_color_all=&#8221;rgba(255,255,255,0)&#8221; global_colors_info=&#8221;{}&#8221;][et_pb_column type=&#8221;4_4&#8243; _builder_version=&#8221;4.16&#8243; global_colors_info=&#8221;{}&#8221;][et_pb_text _builder_version=&#8221;4.27.3&#8243; custom_padding=&#8221;||30px||false|false&#8221; hover_enabled=&#8221;0&#8243; global_colors_info=&#8221;{}&#8221; sticky_enabled=&#8221;0&#8243;]<h3><span>Onnela Farm is located on the shores of Lake Inarij\u00e4rvi, on the eastern edge of Sammakkoselk\u00e4, in the middle of the wilderness.<\/span><\/h3>\n<p>Onnela's living field is one of the old S\u00e1mi cultural places. The oldest original buildings in the residential area were built 1900's. Area includes an old main log building \"pirtti\", sauna and warehouse.<\/p>\n<p>Today, our resort offers accommodation facilities such as the guest main cabin \u201ck\u00e4mpp\u00e4\u201d, the log cabin \u201ck\u00f6mm\u00e4tti\u201d, the all-wooden cabin \u201cpelkka\u201d, and the \u201csauna lounge\u201d connected to the new sauna building. Other buildings include a dining hut, a canvas hut, a barn, wooden sheds, sheds and a hot tub.<\/p>\n<p>The old buildings have been renovated to be as original as possible and the authenticity of the buildings has remained intact.<\/p>\n<p>Jumping from modern to traditional is possible in Onnela. Onnela will not be replaced by an official electricity system but we will use solar electricity when it is possible.<\/p>\n<p>The buildings are heated with firewood in the traditional way.<br \/>We use pure lake water for washing.<\/p>\n<p>Distances, The beeline from Onnela to Nellim is about 20km, to Ivalo 42km and to Inari village 44km.<br \/>Kulkeminen tilalle tapahtuu kes\u00e4ll\u00e4 ja syksyll\u00e4 veneell\u00e4 sek\u00e4 talvella moottorikelkalla Nellimist\u00e4.<\/p>[\/et_pb_text][et_pb_text _builder_version=&#8221;4.24.0&#8243; global_colors_info=&#8221;{}&#8221;]<h2 style=\"text-align: left;\">Why Onnela?<\/h2>[\/et_pb_text][et_pb_text _builder_version=&#8221;4.27.3&#8243; custom_padding=&#8221;||30px||false|false&#8221; hover_enabled=&#8221;0&#8243; global_colors_info=&#8221;{}&#8221; sticky_enabled=&#8221;0&#8243;]<ul>\n<li style=\"font-weight: 400;\">Location<\/li>\n<li style=\"font-weight: 400;\">Privacy<\/li>\n<li style=\"font-weight: 400;\">Unique place<\/li>\n<li style=\"font-weight: 400;\">Host &amp; Guide<\/li>\n<li style=\"font-weight: 400;\">Pure nature &amp; Wilderness<\/li>\n<li style=\"font-weight: 400;\">Northern lights<\/li>\n<li style=\"font-weight: 400;\">Authenticity<\/li>\n<\/ul>[\/et_pb_text][\/et_pb_column][\/et_pb_row][et_pb_row _builder_version=&#8221;4.16&#8243; _module_preset=&#8221;default&#8221; global_colors_info=&#8221;{}&#8221;][et_pb_column type=&#8221;4_4&#8243; _builder_version=&#8221;4.16&#8243; _module_preset=&#8221;default&#8221; global_colors_info=&#8221;{}&#8221;][et_pb_text _builder_version=&#8221;4.16&#8243; _module_preset=&#8221;default&#8221; text_text_color=&#8221;#636363&#8243; text_font_size=&#8221;33px&#8221; text_letter_spacing=&#8221;17px&#8221; text_line_height=&#8221;1.8em&#8221; custom_padding=&#8221;100px||100px||false|false&#8221; custom_padding_tablet=&#8221;70px||70px||false|false&#8221; custom_padding_phone=&#8221;50px||50px||false|false&#8221; custom_padding_last_edited=&#8221;on|phone&#8221; text_font_size_tablet=&#8221;20px&#8221; text_font_size_phone=&#8221;17px&#8221; text_font_size_last_edited=&#8221;on|phone&#8221; global_colors_info=&#8221;{}&#8221;]<p style=\"text-align: center;\">68\u00b058\u201959.2\u2033N 28\u00b005\u201915.3\u2033E<\/p>[\/et_pb_text][\/et_pb_column][\/et_pb_row][et_pb_row _builder_version=&#8221;4.16&#8243; global_colors_info=&#8221;{}&#8221;][et_pb_column type=&#8221;4_4&#8243; _builder_version=&#8221;4.16&#8243; global_colors_info=&#8221;{}&#8221;][et_pb_code _builder_version=&#8221;4.16&#8243; global_colors_info=&#8221;{}&#8221;]<iframe loading=\"lazy\" src=\"https:\/\/www.google.com\/maps\/embed?pb=!1m18!1m12!1m3!1d11447.988501344978!2d28.067950278242083!3d68.98191635426177!2m3!1f0!2f0!3f0!3m2!1i1024!2i768!4f13.1!3m3!1m2!1s0x45cce0a5ebcd8ecd%3A0x3840c4eba7854af7!2s99860%20Onnela!5e0!3m2!1sfi!2sfi!4v1583531112977!5m2!1sfi!2sfi\" width=\"100%\" height=\"450\" frameborder=\"0\" style=\"border:0;\" allowfullscreen=\"\"><\/iframe>[\/et_pb_code][\/et_pb_column][\/et_pb_row][\/et_pb_section][et_pb_section fb_built=&#8221;1&#8243; _builder_version=&#8221;4.16&#8243; background_color=&#8221;rgba(229,214,199,0.26)&#8221; global_colors_info=&#8221;{}&#8221;][et_pb_row _builder_version=&#8221;4.16&#8243; global_colors_info=&#8221;{}&#8221;][et_pb_column type=&#8221;4_4&#8243; _builder_version=&#8221;4.16&#8243; global_colors_info=&#8221;{}&#8221;][et_pb_text _builder_version=&#8221;4.16&#8243; global_colors_info=&#8221;{}&#8221;]<h2 style=\"text-align: center;\">What we offer?<\/h2>[\/et_pb_text][\/et_pb_column][\/et_pb_row][et_pb_row _builder_version=&#8221;4.16&#8243; background_enable_color=&#8221;off&#8221; background_enable_image=&#8221;off&#8221; background_blend=&#8221;overlay&#8221; border_width_all=&#8221;19px&#8221; border_color_all=&#8221;rgba(255,255,255,0)&#8221; global_colors_info=&#8221;{}&#8221;][et_pb_column type=&#8221;4_4&#8243; _builder_version=&#8221;4.16&#8243; global_colors_info=&#8221;{}&#8221;][et_pb_text _builder_version=&#8221;4.27.3&#8243; hover_enabled=&#8221;0&#8243; global_colors_info=&#8221;{}&#8221; sticky_enabled=&#8221;0&#8243;]<p><strong>We offer to our guests unforgettable experiences in Lake Inari and the V\u00e4ts\u00e4ri wilderness area all year round.\n\nPrivate experiences; \nAccommodation, transportations, local foods, activities, short-, overnight-, all inclusive- journeys.\nHikeing, fishing, boat and snowmobile adventures, snowshoeing, forest skiing, sauna &amp; hot tub, wilderness skills, etc.\nAlso unique hunting trips.<\/strong><\/p>\n<p><strong>From us <\/strong>accommodation, transportation, meals, celebrations, company days, events, activities and hunting and fishing trips.<\/p>\n<p><strong>WE RECOMMEND:\nOur most popular package is the full-service package Max Winter Journey pack which includes airport transportation, accommodation, meals, basic activities, wilderness skills, photos, sauna and hot tub. In addition, you can choose the popular Husky ride, S\u00e1mi evening and reindeer farm visit as well as other nice activities as additional services to your package.\n\nBasic activities in winter is; Snowmobile-, ice fishing-, snowshoeing, forest sking and northern lights trips.\n\n\nWe will plan your trip exactly according to your wishes.\n\nContact us;\ninfo@inarionnela.com<\/strong><\/p>\n<p>&nbsp;<\/p>[\/et_pb_text][\/et_pb_column][\/et_pb_row][et_pb_row _builder_version=&#8221;4.16&#8243; global_colors_info=&#8221;{}&#8221;][et_pb_column type=&#8221;4_4&#8243; _builder_version=&#8221;4.16&#8243; global_colors_info=&#8221;{}&#8221;][et_pb_text _builder_version=&#8221;4.16&#8243; global_colors_info=&#8221;{}&#8221;]<h2 style=\"text-align: center;\">Who we are?<\/h2>[\/et_pb_text][\/et_pb_column][\/et_pb_row][et_pb_row column_structure=&#8221;1_2,1_2&#8243; _builder_version=&#8221;4.16&#8243; background_color=&#8221;rgba(255,255,255,0.49)&#8221; custom_margin=&#8221;|auto|35px|auto||&#8221; custom_padding=&#8221;0px|||||&#8221; border_width_all=&#8221;19px&#8221; border_color_all=&#8221;rgba(0,0,0,0)&#8221; box_shadow_style=&#8221;preset1&#8243; global_colors_info=&#8221;{}&#8221;][et_pb_column type=&#8221;1_2&#8243; _builder_version=&#8221;4.16&#8243; global_colors_info=&#8221;{}&#8221;][et_pb_image src=&#8221;https:\/\/inarionnela.comwp-content\/uploads\/2020\/12\/Inari_Onnela-11.jpg&#8221; title_text=&#8221;Inari_Onnela-11&#8243; align=&#8221;center&#8221; _builder_version=&#8221;4.16&#8243; custom_margin=&#8221;0px||||false|false&#8221; global_colors_info=&#8221;{}&#8221;][\/et_pb_image][\/et_pb_column][et_pb_column type=&#8221;1_2&#8243; _builder_version=&#8221;4.16&#8243; global_colors_info=&#8221;{}&#8221;][et_pb_text _builder_version=&#8221;4.27.3&#8243; hover_enabled=&#8221;0&#8243; global_colors_info=&#8221;{}&#8221; sticky_enabled=&#8221;0&#8243;]<h3><\/h3>\n<h3>Petri &#8221;Pete&#8221; Kokkonen<\/h3>\n<p>&nbsp;<\/p>\n<div>\n<p><strong><span>Profession<\/span><\/strong><span> Fishing guide, wilderness guide, Entrepreneur<\/span><\/p>\n<p><strong>Company:<\/strong> Inari Onnela Wilderness Services<\/p>\n<p><strong>Trainings:<\/strong><\/p>\n<\/div>\n<div>\n<ul>\n<li>Fishing guide<\/li>\n<li>Hotel and restaurant industry<\/li>\n<li>First aid<\/li>\n<li>Food hygiene proficiency certificate<\/li>\n<li>Finnish tourism safety certificate<\/li>\n<li>Official charter boat driver lisence<\/li>\n<\/ul>\n<\/div>\n<div>\n<p><a href=\"mailto:info@inarionnela.com\"><span>info@inarionnela.com<\/span><\/a><span><br \/>+358405591019<o:p><\/o:p><\/span><\/p>\n<\/div>[\/et_pb_text][\/et_pb_column][\/et_pb_row][et_pb_row column_structure=&#8221;1_2,1_2&#8243; _builder_version=&#8221;4.16&#8243; background_color=&#8221;#fffdf9&#8243; custom_padding=&#8221;0px|||||&#8221; border_width_all=&#8221;19px&#8221; border_color_all=&#8221;rgba(0,0,0,0)&#8221; box_shadow_style=&#8221;preset1&#8243; global_colors_info=&#8221;{}&#8221;][et_pb_column type=&#8221;1_2&#8243; _builder_version=&#8221;4.16&#8243; global_colors_info=&#8221;{}&#8221;][et_pb_image src=&#8221;https:\/\/inarionnela.comwp-content\/uploads\/2020\/03\/Elli-2.jpg&#8221; align=&#8221;center&#8221; _builder_version=&#8221;4.16&#8243; custom_margin=&#8221;0px||||false|false&#8221; global_colors_info=&#8221;{}&#8221;][\/et_pb_image][\/et_pb_column][et_pb_column type=&#8221;1_2&#8243; _builder_version=&#8221;4.16&#8243; global_colors_info=&#8221;{}&#8221;][et_pb_text _builder_version=&#8221;4.16&#8243; global_colors_info=&#8221;{}&#8221;]<h3><\/h3>\n<h3>Elli<\/h3>\n<p><strong><\/strong><\/p>\n<p><strong><\/strong><\/p>\n<p><strong>Breed:<\/strong> Finnish Spitz<\/p>\n<p><strong>Hobbies:<\/strong> Hunting<\/p>\n<p><strong>Favorite food:<\/strong> Fish and meat<\/p>[\/et_pb_text][\/et_pb_column][\/et_pb_row][et_pb_row column_structure=&#8221;1_2,1_2&#8243; _builder_version=&#8221;4.16&#8243; background_color=&#8221;#fffdf9&#8243; custom_padding=&#8221;0px|||||&#8221; border_width_all=&#8221;19px&#8221; border_color_all=&#8221;rgba(0,0,0,0)&#8221; box_shadow_style=&#8221;preset1&#8243; global_colors_info=&#8221;{}&#8221;][et_pb_column type=&#8221;1_2&#8243; _builder_version=&#8221;4.16&#8243; global_colors_info=&#8221;{}&#8221;][et_pb_image src=&#8221;https:\/\/inarionnela.com\/wp-content\/uploads\/2022\/11\/UIEH9630-scaled-e1668712156743.jpg&#8221; alt=&#8221;Elsa yhteys&#8221; title_text=&#8221;UIEH9630&#8243; align=&#8221;center&#8221; _builder_version=&#8221;4.19.0&#8243; custom_margin=&#8221;0px||||false|false&#8221; global_colors_info=&#8221;{}&#8221;][\/et_pb_image][\/et_pb_column][et_pb_column type=&#8221;1_2&#8243; _builder_version=&#8221;4.16&#8243; global_colors_info=&#8221;{}&#8221;][et_pb_text _builder_version=&#8221;4.16&#8243; global_colors_info=&#8221;{}&#8221;]<h3><\/h3>\n<h3>Elsa<\/h3>\n<p><strong><\/strong><\/p>\n<p><strong><\/strong><\/p>\n<p><strong>Breed:<\/strong> East siberian laika<\/p>\n<p><strong>Hobbies:<\/strong> Hunting<\/p>\n<p><strong>Favorite food:<\/strong> Fish and meat<\/p>[\/et_pb_text][\/et_pb_column][\/et_pb_row][\/et_pb_section][et_pb_section fb_built=&#8221;1&#8243; _builder_version=&#8221;4.16&#8243; _module_preset=&#8221;default&#8221; background_color=&#8221;rgba(229,214,199,0.26)&#8221; global_colors_info=&#8221;{}&#8221;][et_pb_row column_structure=&#8221;1_3,1_3,1_3&#8243; use_custom_gutter=&#8221;on&#8221; gutter_width=&#8221;1&#8243; _builder_version=&#8221;4.16&#8243; width=&#8221;100%&#8221; max_width=&#8221;1760px&#8221; module_alignment=&#8221;center&#8221; min_height=&#8221;100px&#8221; custom_padding=&#8221;0px||0px|||&#8221; global_colors_info=&#8221;{}&#8221;][et_pb_column type=&#8221;1_3&#8243; _builder_version=&#8221;4.16&#8243; global_colors_info=&#8221;{}&#8221;][et_pb_image src=&#8221;https:\/\/inarionnela.comwp-content\/uploads\/2020\/12\/Inari_Onnela-06.jpg&#8221; title_text=&#8221;Inari_Onnela-06&#8243; force_fullwidth=&#8221;on&#8221; _builder_version=&#8221;4.16&#8243; border_width_all=&#8221;3px&#8221; border_color_all=&#8221;#ffffff&#8221; global_colors_info=&#8221;{}&#8221;][\/et_pb_image][\/et_pb_column][et_pb_column type=&#8221;1_3&#8243; _builder_version=&#8221;4.16&#8243; global_colors_info=&#8221;{}&#8221;][et_pb_image src=&#8221;https:\/\/inarionnela.comwp-content\/uploads\/2020\/12\/Inari_Onnela-14.jpg&#8221; title_text=&#8221;Inari_Onnela-14&#8243; _builder_version=&#8221;4.16&#8243; border_width_all=&#8221;3px&#8221; border_color_all=&#8221;#ffffff&#8221; global_colors_info=&#8221;{}&#8221;][\/et_pb_image][\/et_pb_column][et_pb_column type=&#8221;1_3&#8243; _builder_version=&#8221;4.16&#8243; global_colors_info=&#8221;{}&#8221;][et_pb_image src=&#8221;https:\/\/inarionnela.comwp-content\/uploads\/2020\/12\/Inari_Onnela-09.jpg&#8221; title_text=&#8221;Inari_Onnela-09&#8243; _builder_version=&#8221;4.16&#8243; border_width_all=&#8221;3px&#8221; border_color_all=&#8221;#ffffff&#8221; global_colors_info=&#8221;{}&#8221;][\/et_pb_image][\/et_pb_column][\/et_pb_row][et_pb_row column_structure=&#8221;1_3,1_3,1_3&#8243; use_custom_gutter=&#8221;on&#8221; gutter_width=&#8221;1&#8243; _builder_version=&#8221;4.16&#8243; width=&#8221;100%&#8221; max_width=&#8221;1760px&#8221; module_alignment=&#8221;center&#8221; min_height=&#8221;100px&#8221; custom_padding=&#8221;0px||0px|||&#8221; global_colors_info=&#8221;{}&#8221;][et_pb_column type=&#8221;1_3&#8243; _builder_version=&#8221;4.16&#8243; global_colors_info=&#8221;{}&#8221;][et_pb_image src=&#8221;https:\/\/inarionnela.comwp-content\/uploads\/2020\/12\/Inari_Onnela-13.jpg&#8221; title_text=&#8221;Inari_Onnela-13&#8243; force_fullwidth=&#8221;on&#8221; _builder_version=&#8221;4.16&#8243; border_width_all=&#8221;3px&#8221; border_color_all=&#8221;#ffffff&#8221; global_colors_info=&#8221;{}&#8221;][\/et_pb_image][\/et_pb_column][et_pb_column type=&#8221;1_3&#8243; _builder_version=&#8221;4.16&#8243; global_colors_info=&#8221;{}&#8221;][et_pb_image src=&#8221;https:\/\/inarionnela.comwp-content\/uploads\/2020\/12\/Inari_Onnela-01.jpg&#8221; title_text=&#8221;Inari_Onnela-01&#8243; _builder_version=&#8221;4.16&#8243; border_width_all=&#8221;3px&#8221; border_color_all=&#8221;#ffffff&#8221; global_colors_info=&#8221;{}&#8221;][\/et_pb_image][\/et_pb_column][et_pb_column type=&#8221;1_3&#8243; _builder_version=&#8221;4.16&#8243; global_colors_info=&#8221;{}&#8221;][et_pb_image src=&#8221;https:\/\/inarionnela.comwp-content\/uploads\/2020\/03\/IMG_0978.jpg&#8221; title_text=&#8221;IMG_0978&#8243; _builder_version=&#8221;4.16&#8243; border_width_all=&#8221;3px&#8221; border_color_all=&#8221;#ffffff&#8221; global_colors_info=&#8221;{}&#8221;][\/et_pb_image][\/et_pb_column][\/et_pb_row][\/et_pb_section][et_pb_section fb_built=&#8221;1&#8243; _builder_version=&#8221;4.16&#8243; background_color=&#8221;rgba(232,218,127,0.04)&#8221; global_colors_info=&#8221;{}&#8221;][et_pb_row column_structure=&#8221;1_2,1_2&#8243; _builder_version=&#8221;4.16&#8243; hover_enabled=&#8221;0&#8243; global_colors_info=&#8221;{}&#8221; sticky_enabled=&#8221;0&#8243;][et_pb_column type=&#8221;1_2&#8243; _builder_version=&#8221;4.16&#8243; global_colors_info=&#8221;{}&#8221;][et_pb_text _builder_version=&#8221;4.27.3&#8243; hover_enabled=&#8221;0&#8243; global_colors_info=&#8221;{}&#8221; sticky_enabled=&#8221;0&#8243;]<p><strong>Inari Onnela Wilderness Services<\/strong><br \/>Y-tunnus 3101746-2<\/p>\n<p>Petri Kokkonen<br \/>+358405591019<br \/>info@inarionnela.com<\/p>[\/et_pb_text][et_pb_social_media_follow _builder_version=&#8221;4.16&#8243; _module_preset=&#8221;default&#8221; global_colors_info=&#8221;{}&#8221;][et_pb_social_media_follow_network social_network=&#8221;facebook&#8221; url=&#8221;https:\/\/www.facebook.com\/Inari-Onnela-Wilderness-Services-102387791696290\/&#8221; _builder_version=&#8221;4.16&#8243; _module_preset=&#8221;default&#8221; background_color=&#8221;#3b5998&#8243; global_colors_info=&#8221;{}&#8221; follow_button=&#8221;off&#8221; url_new_window=&#8221;on&#8221;]facebook[\/et_pb_social_media_follow_network][et_pb_social_media_follow_network social_network=&#8221;instagram&#8221; url=&#8221;https:\/\/www.instagram.com\/inarionnela\/&#8221; use_icon_font_size=&#8221;on&#8221; _builder_version=&#8221;4.16&#8243; _module_preset=&#8221;default&#8221; background_color=&#8221;#ea2c59&#8243; global_colors_info=&#8221;{}&#8221; follow_button=&#8221;off&#8221; url_new_window=&#8221;on&#8221;]instagram[\/et_pb_social_media_follow_network][\/et_pb_social_media_follow][\/et_pb_column][et_pb_column type=&#8221;1_2&#8243; _builder_version=&#8221;4.16&#8243; global_colors_info=&#8221;{}&#8221;][et_pb_image src=&#8221;https:\/\/inarionnela.comwp-content\/uploads\/2020\/03\/logo_uusin.png&#8221; align=&#8221;center&#8221; _builder_version=&#8221;4.16&#8243; width=&#8221;48%&#8221; global_colors_info=&#8221;{}&#8221;][\/et_pb_image][\/et_pb_column][\/et_pb_row][\/et_pb_section]","protected":false},"excerpt":{"rendered":"<p>ONNELAMiss\u00e4 sijaitsemme?Onnela-tila sijaitsee Inarij\u00e4rven rannalla, Sammakkosel\u00e4n it\u00e4-laidalla keskell\u00e4 er\u00e4maata. Onnelan asuinkentt\u00e4 on yksi vanhoista saamelaiskulttuurikohteista. Asuinkent\u00e4n vanhimmat alkuper\u00e4iset rakennukset \u00a0ovat rakennettu 1900-luvun vaihteessa. Asuinkentt\u00e4\u00e4n kuuluu vanha asuinrakennus eli pirtti sek\u00e4 sauna, liiteri ja varasto. Nyky\u00e4\u00e4n tilaltamme l\u00f6ytyy majoitustiloja kuten vieras p\u00e4\u00e4m\u00f6kki \u201dk\u00e4mpp\u00e4\u201d, hirsiaitta \u201dk\u00f6mm\u00e4tti\u201d, pelkkahirsi m\u00f6kki \u201dpelkka\u201d, sek\u00e4 uuden saunarakennuksen yhteydess\u00e4 oleva &#8221;sauna lounge&#8221;. Muita [&hellip;]<\/p>","protected":false},"author":1,"featured_media":0,"parent":0,"menu_order":0,"comment_status":"closed","ping_status":"closed","template":"","meta":{"_et_pb_use_builder":"on","_et_pb_old_content":"","_et_gb_content_width":"","footnotes":""},"class_list":["post-35","page","type-page","status-publish","hentry"],"yoast_head":"<!-- This site is optimized with the Yoast SEO plugin v24.9 - https:\/\/yoast.com\/wordpress\/plugins\/seo\/ -->\n<title>Inari Onnela Wilderness Services - Inarij\u00e4rvi - Er\u00e4maa - Onnelan tila<\/title>\n<meta name=\"description\" content=\"Onnela on vanha saamelaiskulttuuri kohde, vanhimmat rakennukset on 1900-luvun vaihteesta. Uusimmat majoitus rakennukset on rakennettu 2022.\" \/>\n<meta name=\"robots\" content=\"index, follow, max-snippet:-1, max-image-preview:large, max-video-preview:-1\" \/>\n<link rel=\"canonical\" href=\"https:\/\/inarionnela.com\/en\/onnela\/\" \/>\n<meta property=\"og:locale\" content=\"en_GB\" \/>\n<meta property=\"og:type\" content=\"article\" \/>\n<meta property=\"og:title\" content=\"Inari Onnela Wilderness Services - Inarij\u00e4rvi - Er\u00e4maa - Onnelan tila\" \/>\n<meta property=\"og:description\" content=\"Onnela on vanha saamelaiskulttuuri kohde, vanhimmat rakennukset on 1900-luvun vaihteesta. Uusimmat majoitus rakennukset on rakennettu 2022.\" \/>\n<meta property=\"og:url\" content=\"https:\/\/inarionnela.com\/en\/onnela\/\" \/>\n<meta property=\"og:site_name\" content=\"Inari Onnela Wilderness Services\" \/>\n<meta property=\"article:modified_time\" content=\"2025-06-12T15:21:59+00:00\" \/>\n<meta name=\"twitter:card\" content=\"summary_large_image\" \/>\n<meta name=\"twitter:label1\" content=\"Estimated reading time\" \/>\n\t<meta name=\"twitter:data1\" content=\"4 minutes\" \/>\n<script type=\"application\/ld+json\" class=\"yoast-schema-graph\">{\"@context\":\"https:\/\/schema.org\",\"@graph\":[{\"@type\":\"WebPage\",\"@id\":\"https:\/\/inarionnela.com\/onnela\/\",\"url\":\"https:\/\/inarionnela.com\/onnela\/\",\"name\":\"Inari Onnela Wilderness Services - Inarij\u00e4rvi - Er\u00e4maa - Onnelan tila\",\"isPartOf\":{\"@id\":\"https:\/\/inarionnela.com\/#website\"},\"datePublished\":\"2020-03-06T21:49:23+00:00\",\"dateModified\":\"2025-06-12T15:21:59+00:00\",\"description\":\"Onnela on vanha saamelaiskulttuuri kohde, vanhimmat rakennukset on 1900-luvun vaihteesta. Uusimmat majoitus rakennukset on rakennettu 2022.\",\"breadcrumb\":{\"@id\":\"https:\/\/inarionnela.com\/onnela\/#breadcrumb\"},\"inLanguage\":\"en-GB\",\"potentialAction\":[{\"@type\":\"ReadAction\",\"target\":[\"https:\/\/inarionnela.com\/onnela\/\"]}]},{\"@type\":\"BreadcrumbList\",\"@id\":\"https:\/\/inarionnela.com\/onnela\/#breadcrumb\",\"itemListElement\":[{\"@type\":\"ListItem\",\"position\":1,\"name\":\"Etusivu\",\"item\":\"https:\/\/inarionnela.com\/\"},{\"@type\":\"ListItem\",\"position\":2,\"name\":\"Onnela\"}]},{\"@type\":\"WebSite\",\"@id\":\"https:\/\/inarionnela.com\/#website\",\"url\":\"https:\/\/inarionnela.com\/\",\"name\":\"Inari Onnela Wilderness Services\",\"description\":\"Mik&auml;li haet lomaltasi yksityisyytt&auml;, rauhaa ja hiljaisuutta sek&auml; puhdasta luontoa.\",\"publisher\":{\"@id\":\"https:\/\/inarionnela.com\/#organization\"},\"potentialAction\":[{\"@type\":\"SearchAction\",\"target\":{\"@type\":\"EntryPoint\",\"urlTemplate\":\"https:\/\/inarionnela.com\/?s={search_term_string}\"},\"query-input\":{\"@type\":\"PropertyValueSpecification\",\"valueRequired\":true,\"valueName\":\"search_term_string\"}}],\"inLanguage\":\"en-GB\"},{\"@type\":\"Organization\",\"@id\":\"https:\/\/inarionnela.com\/#organization\",\"name\":\"Inari Onnela\",\"url\":\"https:\/\/inarionnela.com\/\",\"logo\":{\"@type\":\"ImageObject\",\"inLanguage\":\"en-GB\",\"@id\":\"https:\/\/inarionnela.com\/#\/schema\/logo\/image\/\",\"url\":\"https:\/\/inarionnela.com\/wp-content\/uploads\/2020\/12\/cropped-logo_sivuille-03.png\",\"contentUrl\":\"https:\/\/inarionnela.com\/wp-content\/uploads\/2020\/12\/cropped-logo_sivuille-03.png\",\"width\":512,\"height\":512,\"caption\":\"Inari Onnela\"},\"image\":{\"@id\":\"https:\/\/inarionnela.com\/#\/schema\/logo\/image\/\"}}]}<\/script>\n<!-- \/ Yoast SEO plugin. -->","yoast_head_json":{"title":"Inari Onnela Wilderness Services - Inarij\u00e4rvi - Er\u00e4maa - Onnelan tila","description":"Onnela on vanha saamelaiskulttuuri kohde, vanhimmat rakennukset on 1900-luvun vaihteesta. Uusimmat majoitus rakennukset on rakennettu 2022.","robots":{"index":"index","follow":"follow","max-snippet":"max-snippet:-1","max-image-preview":"max-image-preview:large","max-video-preview":"max-video-preview:-1"},"canonical":"https:\/\/inarionnela.com\/en\/onnela\/","og_locale":"en_GB","og_type":"article","og_title":"Inari Onnela Wilderness Services - Inarij\u00e4rvi - Er\u00e4maa - Onnelan tila","og_description":"Onnela on vanha saamelaiskulttuuri kohde, vanhimmat rakennukset on 1900-luvun vaihteesta. Uusimmat majoitus rakennukset on rakennettu 2022.","og_url":"https:\/\/inarionnela.com\/en\/onnela\/","og_site_name":"Inari Onnela Wilderness Services","article_modified_time":"2025-06-12T15:21:59+00:00","twitter_card":"summary_large_image","twitter_misc":{"Estimated reading time":"4 minutes"},"schema":{"@context":"https:\/\/schema.org","@graph":[{"@type":"WebPage","@id":"https:\/\/inarionnela.com\/onnela\/","url":"https:\/\/inarionnela.com\/onnela\/","name":"Inari Onnela Wilderness Services - Inarij\u00e4rvi - Er\u00e4maa - Onnelan tila","isPartOf":{"@id":"https:\/\/inarionnela.com\/#website"},"datePublished":"2020-03-06T21:49:23+00:00","dateModified":"2025-06-12T15:21:59+00:00","description":"Onnela on vanha saamelaiskulttuuri kohde, vanhimmat rakennukset on 1900-luvun vaihteesta. Uusimmat majoitus rakennukset on rakennettu 2022.","breadcrumb":{"@id":"https:\/\/inarionnela.com\/onnela\/#breadcrumb"},"inLanguage":"en-GB","potentialAction":[{"@type":"ReadAction","target":["https:\/\/inarionnela.com\/onnela\/"]}]},{"@type":"BreadcrumbList","@id":"https:\/\/inarionnela.com\/onnela\/#breadcrumb","itemListElement":[{"@type":"ListItem","position":1,"name":"Etusivu","item":"https:\/\/inarionnela.com\/"},{"@type":"ListItem","position":2,"name":"Onnela"}]},{"@type":"WebSite","@id":"https:\/\/inarionnela.com\/#website","url":"https:\/\/inarionnela.com\/","name":"Inari Onnela Wilderness Services","description":"Mik&auml;li haet lomaltasi yksityisyytt&auml;, rauhaa ja hiljaisuutta sek&auml; puhdasta luontoa.","publisher":{"@id":"https:\/\/inarionnela.com\/#organization"},"potentialAction":[{"@type":"SearchAction","target":{"@type":"EntryPoint","urlTemplate":"https:\/\/inarionnela.com\/?s={search_term_string}"},"query-input":{"@type":"PropertyValueSpecification","valueRequired":true,"valueName":"search_term_string"}}],"inLanguage":"en-GB"},{"@type":"Organization","@id":"https:\/\/inarionnela.com\/#organization","name":"Inari Onnela","url":"https:\/\/inarionnela.com\/","logo":{"@type":"ImageObject","inLanguage":"en-GB","@id":"https:\/\/inarionnela.com\/#\/schema\/logo\/image\/","url":"https:\/\/inarionnela.com\/wp-content\/uploads\/2020\/12\/cropped-logo_sivuille-03.png","contentUrl":"https:\/\/inarionnela.com\/wp-content\/uploads\/2020\/12\/cropped-logo_sivuille-03.png","width":512,"height":512,"caption":"Inari Onnela"},"image":{"@id":"https:\/\/inarionnela.com\/#\/schema\/logo\/image\/"}}]}},"_links":{"self":[{"href":"https:\/\/inarionnela.com\/en\/wp-json\/wp\/v2\/pages\/35","targetHints":{"allow":["GET"]}}],"collection":[{"href":"https:\/\/inarionnela.com\/en\/wp-json\/wp\/v2\/pages"}],"about":[{"href":"https:\/\/inarionnela.com\/en\/wp-json\/wp\/v2\/types\/page"}],"author":[{"embeddable":true,"href":"https:\/\/inarionnela.com\/en\/wp-json\/wp\/v2\/users\/1"}],"replies":[{"embeddable":true,"href":"https:\/\/inarionnela.com\/en\/wp-json\/wp\/v2\/comments?post=35"}],"version-history":[{"count":0,"href":"https:\/\/inarionnela.com\/en\/wp-json\/wp\/v2\/pages\/35\/revisions"}],"wp:attachment":[{"href":"https:\/\/inarionnela.com\/en\/wp-json\/wp\/v2\/media?parent=35"}],"curies":[{"name":"wp","href":"https:\/\/api.w.org\/{rel}","templated":true}]}}